{"id":15342,"date":"2025-04-15T17:07:50","date_gmt":"2025-04-15T15:07:50","guid":{"rendered":"https:\/\/vossgass.no\/produkt\/wecamp-paviljong-sunshade\/"},"modified":"2025-10-08T15:36:27","modified_gmt":"2025-10-08T13:36:27","slug":"wecamp-paviljong-sunshade","status":"publish","type":"product","link":"https:\/\/vossgass.no\/en\/product\/wecamp-paviljong-sunshade\/","title":{"rendered":"WeCamp Paviljong Sunshade"},"content":{"rendered":"","protected":false},"excerpt":{"rendered":"<p>M\u00c5 HENTAST I BUTIKK ELLER AVTALE LEVERING\/SENDING I FORKANT AV KJ\u00d8P<\/p>\n<p>Lysgr\u00e5 med gr\u00e5 kant<br \/>\n350 x 350 cm.<br \/>\nSt\u00e5lstel<br \/>\nInkl. barduner<br \/>\nPolyester<br \/>\nS\u00e6t med sider f\u00e5s som tilbeh\u00f8r<br \/>\nPakket m\u00e5l 95x22x28 cm v\u00e6gt 19 kg<\/p>","protected":false},"featured_media":16782,"comment_status":"open","ping_status":"closed","template":"","meta":[],"product_brand":[],"product_cat":[630,260],"product_tag":[],"class_list":{"0":"post-15342","1":"product","2":"type-product","3":"status-publish","4":"has-post-thumbnail","6":"product_cat-camping-bobilutsyr","7":"product_cat-hytte-camping-fritid","8":"product_shipping_class-kan-ikke-sendes","10":"first","11":"instock","12":"taxable","13":"shipping-taxable","14":"purchasable","15":"product-type-simple"},"_links":{"self":[{"href":"https:\/\/vossgass.no\/en\/wp-json\/wp\/v2\/product\/15342","targetHints":{"allow":["GET"]}}],"collection":[{"href":"https:\/\/vossgass.no\/en\/wp-json\/wp\/v2\/product"}],"about":[{"href":"https:\/\/vossgass.no\/en\/wp-json\/wp\/v2\/types\/product"}],"replies":[{"embeddable":true,"href":"https:\/\/vossgass.no\/en\/wp-json\/wp\/v2\/comments?post=15342"}],"wp:featuredmedia":[{"embeddable":true,"href":"https:\/\/vossgass.no\/en\/wp-json\/wp\/v2\/media\/16782"}],"wp:attachment":[{"href":"https:\/\/vossgass.no\/en\/wp-json\/wp\/v2\/media?parent=15342"}],"wp:term":[{"taxonomy":"product_brand","embeddable":true,"href":"https:\/\/vossgass.no\/en\/wp-json\/wp\/v2\/product_brand?post=15342"},{"taxonomy":"product_cat","embeddable":true,"href":"https:\/\/vossgass.no\/en\/wp-json\/wp\/v2\/product_cat?post=15342"},{"taxonomy":"product_tag","embeddable":true,"href":"https:\/\/vossgass.no\/en\/wp-json\/wp\/v2\/product_tag?post=15342"}],"curies":[{"name":"wp","href":"https:\/\/api.w.org\/{rel}","templated":true}]}}