{"id":15337,"date":"2025-04-15T17:06:59","date_gmt":"2025-04-15T15:06:59","guid":{"rendered":"https:\/\/vossgass.no\/produkt\/valve-saver-fluid-ventilsmoring-universal-1-liter\/"},"modified":"2025-09-23T12:02:35","modified_gmt":"2025-09-23T10:02:35","slug":"valve-saver-fluid-ventilsmoring-universal-1-liter","status":"publish","type":"product","link":"https:\/\/vossgass.no\/en\/product\/valve-saver-fluid-ventilsmoring-universal-1-liter\/","title":{"rendered":"Valve Saver Fluid Ventilsm\u00f8ring Universal 1 liter"},"content":{"rendered":"","protected":false},"excerpt":{"rendered":"<p>Ventilsm\u00f8ring for alle systemer. For p\u00e5fylling.<\/p>\n<p>1 liter<\/p>","protected":false},"featured_media":16777,"comment_status":"open","ping_status":"closed","template":"","meta":[],"product_brand":[],"product_cat":[490,318],"product_tag":[],"class_list":{"0":"post-15337","1":"product","2":"type-product","3":"status-publish","4":"has-post-thumbnail","6":"product_cat-autogass-utstyr","7":"product_cat-gass-og-gassutstyr","9":"first","10":"outofstock","11":"taxable","12":"shipping-taxable","13":"purchasable","14":"product-type-simple"},"_links":{"self":[{"href":"https:\/\/vossgass.no\/en\/wp-json\/wp\/v2\/product\/15337","targetHints":{"allow":["GET"]}}],"collection":[{"href":"https:\/\/vossgass.no\/en\/wp-json\/wp\/v2\/product"}],"about":[{"href":"https:\/\/vossgass.no\/en\/wp-json\/wp\/v2\/types\/product"}],"replies":[{"embeddable":true,"href":"https:\/\/vossgass.no\/en\/wp-json\/wp\/v2\/comments?post=15337"}],"wp:featuredmedia":[{"embeddable":true,"href":"https:\/\/vossgass.no\/en\/wp-json\/wp\/v2\/media\/16777"}],"wp:attachment":[{"href":"https:\/\/vossgass.no\/en\/wp-json\/wp\/v2\/media?parent=15337"}],"wp:term":[{"taxonomy":"product_brand","embeddable":true,"href":"https:\/\/vossgass.no\/en\/wp-json\/wp\/v2\/product_brand?post=15337"},{"taxonomy":"product_cat","embeddable":true,"href":"https:\/\/vossgass.no\/en\/wp-json\/wp\/v2\/product_cat?post=15337"},{"taxonomy":"product_tag","embeddable":true,"href":"https:\/\/vossgass.no\/en\/wp-json\/wp\/v2\/product_tag?post=15337"}],"curies":[{"name":"wp","href":"https:\/\/api.w.org\/{rel}","templated":true}]}}