{"id":15332,"date":"2025-04-15T17:05:53","date_gmt":"2025-04-15T15:05:53","guid":{"rendered":"https:\/\/vossgass.no\/produkt\/aqua-kem-sachets-bla-oppi-toalettet\/"},"modified":"2026-04-24T09:50:01","modified_gmt":"2026-04-24T07:50:01","slug":"aqua-kem-sachets-bla-oppi-toalettet","status":"publish","type":"product","link":"https:\/\/vossgass.no\/en\/product\/aqua-kem-sachets-bla-oppi-toalettet\/","title":{"rendered":"Aqua Kem Sachets 15+3  Bl\u00e5 Oppi toalettet"},"content":{"rendered":"","protected":false},"excerpt":{"rendered":"<p>Aqua Kem\u00ae Sachets \u2013 tilsetningsmiddel i porsjonsposer til avfallstanken i mobile toaletter og som erstatter saneringsvesken. Best\u00e5r av et vannl\u00f8selig t\u00f8rt pulver der man doserer en normaltank p\u00e5 20 liter med en pose. Vannet l\u00f8ser opp middelet som holder tanken frisk. Avfallsvannet farges bl\u00e5tt og d\u00e5rlig lukt ved t\u00f8mming og bruk reduseres. Utmerket ved vintercamping. Inneholder 15 porsjonsposer.<\/p>","protected":false},"featured_media":16772,"comment_status":"open","ping_status":"closed","template":"","meta":[],"product_brand":[],"product_cat":[260,498],"product_tag":[],"class_list":{"0":"post-15332","1":"product","2":"type-product","3":"status-publish","4":"has-post-thumbnail","6":"product_cat-hytte-camping-fritid","7":"product_cat-toalett-vann-avlop","9":"first","10":"instock","11":"taxable","12":"shipping-taxable","13":"purchasable","14":"product-type-simple"},"_links":{"self":[{"href":"https:\/\/vossgass.no\/en\/wp-json\/wp\/v2\/product\/15332","targetHints":{"allow":["GET"]}}],"collection":[{"href":"https:\/\/vossgass.no\/en\/wp-json\/wp\/v2\/product"}],"about":[{"href":"https:\/\/vossgass.no\/en\/wp-json\/wp\/v2\/types\/product"}],"replies":[{"embeddable":true,"href":"https:\/\/vossgass.no\/en\/wp-json\/wp\/v2\/comments?post=15332"}],"wp:featuredmedia":[{"embeddable":true,"href":"https:\/\/vossgass.no\/en\/wp-json\/wp\/v2\/media\/16772"}],"wp:attachment":[{"href":"https:\/\/vossgass.no\/en\/wp-json\/wp\/v2\/media?parent=15332"}],"wp:term":[{"taxonomy":"product_brand","embeddable":true,"href":"https:\/\/vossgass.no\/en\/wp-json\/wp\/v2\/product_brand?post=15332"},{"taxonomy":"product_cat","embeddable":true,"href":"https:\/\/vossgass.no\/en\/wp-json\/wp\/v2\/product_cat?post=15332"},{"taxonomy":"product_tag","embeddable":true,"href":"https:\/\/vossgass.no\/en\/wp-json\/wp\/v2\/product_tag?post=15332"}],"curies":[{"name":"wp","href":"https:\/\/api.w.org\/{rel}","templated":true}]}}