{"id":15328,"date":"2025-04-15T17:05:16","date_gmt":"2025-04-15T15:05:16","guid":{"rendered":"https:\/\/vossgass.no\/produkt\/porta-potti-excellence-565-med-stempelpumpe\/"},"modified":"2025-09-23T12:01:07","modified_gmt":"2025-09-23T10:01:07","slug":"porta-potti-excellence-565-med-stempelpumpe","status":"publish","type":"product","link":"https:\/\/vossgass.no\/en\/product\/porta-potti-excellence-565-med-stempelpumpe\/","title":{"rendered":"Porta Potti Excellence 565 med Stempelpumpe"},"content":{"rendered":"","protected":false},"excerpt":{"rendered":"<p>Kjemikalietoalett i ny og innovativ design og h\u00f8yeste kvalitet med ekstra funksjoner.<\/p>\n<p>* Moderne design, mer hjemlig toalett form<br \/>\n* Bekvem sitteh\u00f8yde (440 mm)<br \/>\n* St\u00f8rre sk\u00e5l st\u00f8rrelse, fremst i dybde og bredde<br \/>\n* Integrert toalettpapirholder<br \/>\n* Deksel over kontroller (pumpe, vannp\u00e5fyllingslokket, vanniv\u00e5 indikasjon)<br \/>\n* Brukervennlig ventilh\u00e5ndtak p\u00e5 siden<br \/>\n* Gripevennlig b\u00e6reh\u00e5ndtak p\u00e5 vanntanken<br \/>\n* Volum skyllevanntank 15 liter \/ avfallstank 21 liter<br \/>\n* Niv\u00e5giver p\u00e5 avfalls- og skyllevanntank<br \/>\n* M\u00e5l (HxBxD): 448 x 388 x 450 mm<\/p>","protected":false},"featured_media":16768,"comment_status":"open","ping_status":"closed","template":"","meta":[],"product_brand":[],"product_cat":[260,498],"product_tag":[],"class_list":{"0":"post-15328","1":"product","2":"type-product","3":"status-publish","4":"has-post-thumbnail","6":"product_cat-hytte-camping-fritid","7":"product_cat-toalett-vann-avlop","8":"product_shipping_class-kan-ikke-sendes","10":"first","11":"instock","12":"taxable","13":"shipping-taxable","14":"purchasable","15":"product-type-simple"},"_links":{"self":[{"href":"https:\/\/vossgass.no\/en\/wp-json\/wp\/v2\/product\/15328","targetHints":{"allow":["GET"]}}],"collection":[{"href":"https:\/\/vossgass.no\/en\/wp-json\/wp\/v2\/product"}],"about":[{"href":"https:\/\/vossgass.no\/en\/wp-json\/wp\/v2\/types\/product"}],"replies":[{"embeddable":true,"href":"https:\/\/vossgass.no\/en\/wp-json\/wp\/v2\/comments?post=15328"}],"wp:featuredmedia":[{"embeddable":true,"href":"https:\/\/vossgass.no\/en\/wp-json\/wp\/v2\/media\/16768"}],"wp:attachment":[{"href":"https:\/\/vossgass.no\/en\/wp-json\/wp\/v2\/media?parent=15328"}],"wp:term":[{"taxonomy":"product_brand","embeddable":true,"href":"https:\/\/vossgass.no\/en\/wp-json\/wp\/v2\/product_brand?post=15328"},{"taxonomy":"product_cat","embeddable":true,"href":"https:\/\/vossgass.no\/en\/wp-json\/wp\/v2\/product_cat?post=15328"},{"taxonomy":"product_tag","embeddable":true,"href":"https:\/\/vossgass.no\/en\/wp-json\/wp\/v2\/product_tag?post=15328"}],"curies":[{"name":"wp","href":"https:\/\/api.w.org\/{rel}","templated":true}]}}