{"id":15319,"date":"2025-04-15T17:03:35","date_gmt":"2025-04-15T15:03:35","guid":{"rendered":"https:\/\/vossgass.no\/produkt\/jets-toilet-clean-plus-075\/"},"modified":"2026-04-26T18:21:44","modified_gmt":"2026-04-26T16:21:44","slug":"jets-toilet-clean-plus-075","status":"publish","type":"product","link":"https:\/\/vossgass.no\/en\/product\/jets-toilet-clean-plus-075\/","title":{"rendered":"Jets Toilet Clean Plus 0,75"},"content":{"rendered":"","protected":false},"excerpt":{"rendered":"<p>Jets\u2122 Toilet Clean Plus er et velluktende vaskemiddel laget for \u00e5 forhindre oppbygning av urinstein og annet u\u00f8nsket belegg i vakuumr\u00f8r og pumpe. Den fjerner effektivt smuss og sikrer dermed stabil drift og h\u00f8y effekt p\u00e5 anlegget.<\/p>\n<p>Finnes som praktisk spruteflaske 0,75 liter eller 5 liters kanne<\/p>\n<p>Jets product image Toilet Clean plus 10l 075l<br \/>\nFrisk lukt<br \/>\nFjerner urinstenbelegg<br \/>\nP\u00e5virker ikke komposteringsprosess i Jets\u2122 Biotank<\/p>","protected":false},"featured_media":16759,"comment_status":"open","ping_status":"closed","template":"","meta":[],"product_brand":[],"product_cat":[260,498],"product_tag":[],"class_list":{"0":"post-15319","1":"product","2":"type-product","3":"status-publish","4":"has-post-thumbnail","6":"product_cat-hytte-camping-fritid","7":"product_cat-toalett-vann-avlop","9":"first","10":"instock","11":"taxable","12":"shipping-taxable","13":"purchasable","14":"product-type-simple"},"_links":{"self":[{"href":"https:\/\/vossgass.no\/en\/wp-json\/wp\/v2\/product\/15319","targetHints":{"allow":["GET"]}}],"collection":[{"href":"https:\/\/vossgass.no\/en\/wp-json\/wp\/v2\/product"}],"about":[{"href":"https:\/\/vossgass.no\/en\/wp-json\/wp\/v2\/types\/product"}],"replies":[{"embeddable":true,"href":"https:\/\/vossgass.no\/en\/wp-json\/wp\/v2\/comments?post=15319"}],"wp:featuredmedia":[{"embeddable":true,"href":"https:\/\/vossgass.no\/en\/wp-json\/wp\/v2\/media\/16759"}],"wp:attachment":[{"href":"https:\/\/vossgass.no\/en\/wp-json\/wp\/v2\/media?parent=15319"}],"wp:term":[{"taxonomy":"product_brand","embeddable":true,"href":"https:\/\/vossgass.no\/en\/wp-json\/wp\/v2\/product_brand?post=15319"},{"taxonomy":"product_cat","embeddable":true,"href":"https:\/\/vossgass.no\/en\/wp-json\/wp\/v2\/product_cat?post=15319"},{"taxonomy":"product_tag","embeddable":true,"href":"https:\/\/vossgass.no\/en\/wp-json\/wp\/v2\/product_tag?post=15319"}],"curies":[{"name":"wp","href":"https:\/\/api.w.org\/{rel}","templated":true}]}}