{"id":15310,"date":"2025-04-15T17:01:34","date_gmt":"2025-04-15T15:01:34","guid":{"rendered":"https:\/\/vossgass.no\/produkt\/koketopp-2077-for-2-kg-flaske-p2000\/"},"modified":"2025-10-14T12:40:12","modified_gmt":"2025-10-14T10:40:12","slug":"koketopp-2077-for-2-kg-flaske-p2000","status":"publish","type":"product","link":"https:\/\/vossgass.no\/en\/product\/koketopp-2077-for-2-kg-flaske-p2000\/","title":{"rendered":"Koketopp 2077 for 2 kg flaske P2000"},"content":{"rendered":"","protected":false},"excerpt":{"rendered":"<p>Koketopp for telt, caravan og hytte.<\/p>\n<p>Koketopp 2077 kommer for bruk p\u00e5 2kg bl\u00e5 flaske. Koketoppen kan brukes med adapter for bruk p\u00e5 H &#8211; ventil. Liten, lett og stabil. Dette gj\u00f8r den fin for bruk p\u00e5 tur, der vi kan ha med 2kg flaske el. st\u00f8rre.<\/p>\n<p>\u00d8 koketopp: 22 cm<br \/>\nEffekt: 2,4 kW<br \/>\nVekt: 0,47 kg<br \/>\nForbruk: 75 g\/h<br \/>\nManuell tenning<br \/>\nTilkobling flaske: M14 x 1,5 utvendig<\/p>","protected":false},"featured_media":16750,"comment_status":"open","ping_status":"closed","template":"","meta":[],"product_brand":[],"product_cat":[260,292],"product_tag":[],"class_list":{"0":"post-15310","1":"product","2":"type-product","3":"status-publish","4":"has-post-thumbnail","6":"product_cat-hytte-camping-fritid","7":"product_cat-kjokken-gass","9":"first","10":"instock","11":"taxable","12":"shipping-taxable","13":"purchasable","14":"product-type-simple"},"_links":{"self":[{"href":"https:\/\/vossgass.no\/en\/wp-json\/wp\/v2\/product\/15310","targetHints":{"allow":["GET"]}}],"collection":[{"href":"https:\/\/vossgass.no\/en\/wp-json\/wp\/v2\/product"}],"about":[{"href":"https:\/\/vossgass.no\/en\/wp-json\/wp\/v2\/types\/product"}],"replies":[{"embeddable":true,"href":"https:\/\/vossgass.no\/en\/wp-json\/wp\/v2\/comments?post=15310"}],"wp:featuredmedia":[{"embeddable":true,"href":"https:\/\/vossgass.no\/en\/wp-json\/wp\/v2\/media\/16750"}],"wp:attachment":[{"href":"https:\/\/vossgass.no\/en\/wp-json\/wp\/v2\/media?parent=15310"}],"wp:term":[{"taxonomy":"product_brand","embeddable":true,"href":"https:\/\/vossgass.no\/en\/wp-json\/wp\/v2\/product_brand?post=15310"},{"taxonomy":"product_cat","embeddable":true,"href":"https:\/\/vossgass.no\/en\/wp-json\/wp\/v2\/product_cat?post=15310"},{"taxonomy":"product_tag","embeddable":true,"href":"https:\/\/vossgass.no\/en\/wp-json\/wp\/v2\/product_tag?post=15310"}],"curies":[{"name":"wp","href":"https:\/\/api.w.org\/{rel}","templated":true}]}}