{"id":15303,"date":"2025-04-15T17:00:13","date_gmt":"2025-04-15T15:00:13","guid":{"rendered":"https:\/\/vossgass.no\/produkt\/hjornefeste-markisefot-fiamma-reservedel\/"},"modified":"2025-10-08T15:21:54","modified_gmt":"2025-10-08T13:21:54","slug":"hjornefeste-markisefot-fiamma-reservedel","status":"publish","type":"product","link":"https:\/\/vossgass.no\/en\/product\/hjornefeste-markisefot-fiamma-reservedel\/","title":{"rendered":"Hj\u00f8rnefeste markisefot, Fiamma reservedel"},"content":{"rendered":"","protected":false},"excerpt":{"rendered":"<p>Hj\u00f8rnefeste h\u00f8gre side markisefot<br \/>\nFiamma reserved.<\/p>","protected":false},"featured_media":16743,"comment_status":"open","ping_status":"closed","template":"","meta":[],"product_brand":[],"product_cat":[630,260],"product_tag":[],"class_list":{"0":"post-15303","1":"product","2":"type-product","3":"status-publish","4":"has-post-thumbnail","6":"product_cat-camping-bobilutsyr","7":"product_cat-hytte-camping-fritid","9":"first","10":"instock","11":"taxable","12":"shipping-taxable","13":"purchasable","14":"product-type-simple"},"_links":{"self":[{"href":"https:\/\/vossgass.no\/en\/wp-json\/wp\/v2\/product\/15303","targetHints":{"allow":["GET"]}}],"collection":[{"href":"https:\/\/vossgass.no\/en\/wp-json\/wp\/v2\/product"}],"about":[{"href":"https:\/\/vossgass.no\/en\/wp-json\/wp\/v2\/types\/product"}],"replies":[{"embeddable":true,"href":"https:\/\/vossgass.no\/en\/wp-json\/wp\/v2\/comments?post=15303"}],"wp:featuredmedia":[{"embeddable":true,"href":"https:\/\/vossgass.no\/en\/wp-json\/wp\/v2\/media\/16743"}],"wp:attachment":[{"href":"https:\/\/vossgass.no\/en\/wp-json\/wp\/v2\/media?parent=15303"}],"wp:term":[{"taxonomy":"product_brand","embeddable":true,"href":"https:\/\/vossgass.no\/en\/wp-json\/wp\/v2\/product_brand?post=15303"},{"taxonomy":"product_cat","embeddable":true,"href":"https:\/\/vossgass.no\/en\/wp-json\/wp\/v2\/product_cat?post=15303"},{"taxonomy":"product_tag","embeddable":true,"href":"https:\/\/vossgass.no\/en\/wp-json\/wp\/v2\/product_tag?post=15303"}],"curies":[{"name":"wp","href":"https:\/\/api.w.org\/{rel}","templated":true}]}}