{"id":15300,"date":"2025-04-15T16:59:36","date_gmt":"2025-04-15T14:59:36","guid":{"rendered":"https:\/\/vossgass.no\/produkt\/lastesikring-teleskopror-alu-20-170cm\/"},"modified":"2025-10-07T12:11:08","modified_gmt":"2025-10-07T10:11:08","slug":"lastesikring-teleskopror-alu-20-170cm","status":"publish","type":"product","link":"https:\/\/vossgass.no\/en\/product\/lastesikring-teleskopror-alu-20-170cm\/","title":{"rendered":"Lastesikring Teleskopr\u00f8r Alu 20-170cm"},"content":{"rendered":"","protected":false},"excerpt":{"rendered":"<p>Robust teleskopisk r\u00f8r for enkelt og sikkert \u00e5 feste gjenstander i oppbevaringsrommet under transporten.<\/p>\n<p> Lett \u00e5 justere takket v\u00e6re det brukervennlige klemmefestet. <\/p>\n<p>Sidestykker i gummi for \u00e5 garantere et bra feste uten \u00e5 etterlate merker p\u00e5 veggen. <\/p>\n<p>Laget i robust og lett eloksert aluminium. <\/p>\n<p>Enkel \u00e5 korte ned til minimum 20 cm og \u00e5 forlenge til 170 cm for \u00e5 kunne tilpasses til arealets st\u00f8rrelse.<br \/>\nM\u00e5l sammensl\u00e5tt: 93 x 8 x 6 cm.<\/p>","protected":false},"featured_media":16740,"comment_status":"open","ping_status":"closed","template":"","meta":[],"product_brand":[],"product_cat":[630,260],"product_tag":[],"class_list":{"0":"post-15300","1":"product","2":"type-product","3":"status-publish","4":"has-post-thumbnail","6":"product_cat-camping-bobilutsyr","7":"product_cat-hytte-camping-fritid","9":"first","10":"instock","11":"taxable","12":"shipping-taxable","13":"purchasable","14":"product-type-simple"},"_links":{"self":[{"href":"https:\/\/vossgass.no\/en\/wp-json\/wp\/v2\/product\/15300","targetHints":{"allow":["GET"]}}],"collection":[{"href":"https:\/\/vossgass.no\/en\/wp-json\/wp\/v2\/product"}],"about":[{"href":"https:\/\/vossgass.no\/en\/wp-json\/wp\/v2\/types\/product"}],"replies":[{"embeddable":true,"href":"https:\/\/vossgass.no\/en\/wp-json\/wp\/v2\/comments?post=15300"}],"wp:featuredmedia":[{"embeddable":true,"href":"https:\/\/vossgass.no\/en\/wp-json\/wp\/v2\/media\/16740"}],"wp:attachment":[{"href":"https:\/\/vossgass.no\/en\/wp-json\/wp\/v2\/media?parent=15300"}],"wp:term":[{"taxonomy":"product_brand","embeddable":true,"href":"https:\/\/vossgass.no\/en\/wp-json\/wp\/v2\/product_brand?post=15300"},{"taxonomy":"product_cat","embeddable":true,"href":"https:\/\/vossgass.no\/en\/wp-json\/wp\/v2\/product_cat?post=15300"},{"taxonomy":"product_tag","embeddable":true,"href":"https:\/\/vossgass.no\/en\/wp-json\/wp\/v2\/product_tag?post=15300"}],"curies":[{"name":"wp","href":"https:\/\/api.w.org\/{rel}","templated":true}]}}