{"id":15265,"date":"2025-04-15T16:53:25","date_gmt":"2025-04-15T14:53:25","guid":{"rendered":"https:\/\/vossgass.no\/produkt\/slangesokkel-for-8mm-ror-og-8mm-slange-messing\/"},"modified":"2025-10-17T13:05:51","modified_gmt":"2025-10-17T11:05:51","slug":"slangesokkel-for-8mm-ror-og-8mm-slange-messing","status":"publish","type":"product","link":"https:\/\/vossgass.no\/en\/product\/slangesokkel-for-8mm-ror-og-8mm-slange-messing\/","title":{"rendered":"Slangesokkel for 8mm R\u00f8r og 8mm Slange Messing"},"content":{"rendered":"","protected":false},"excerpt":{"rendered":"<p>Slangsockel i m\u00e4ssing f\u00f6r r\u00f6ranslutning 8mm och slanganslutning 8mm.<\/p>","protected":false},"featured_media":16705,"comment_status":"open","ping_status":"closed","template":"","meta":[],"product_brand":[],"product_cat":[318,319,631],"product_tag":[],"class_list":{"0":"post-15265","1":"product","2":"type-product","3":"status-publish","4":"has-post-thumbnail","6":"product_cat-gass-og-gassutstyr","7":"product_cat-slanger-ror-fittings-gass-gassutstyr","8":"product_cat-slangesokkel","10":"first","11":"instock","12":"taxable","13":"shipping-taxable","14":"purchasable","15":"product-type-simple"},"_links":{"self":[{"href":"https:\/\/vossgass.no\/en\/wp-json\/wp\/v2\/product\/15265","targetHints":{"allow":["GET"]}}],"collection":[{"href":"https:\/\/vossgass.no\/en\/wp-json\/wp\/v2\/product"}],"about":[{"href":"https:\/\/vossgass.no\/en\/wp-json\/wp\/v2\/types\/product"}],"replies":[{"embeddable":true,"href":"https:\/\/vossgass.no\/en\/wp-json\/wp\/v2\/comments?post=15265"}],"wp:featuredmedia":[{"embeddable":true,"href":"https:\/\/vossgass.no\/en\/wp-json\/wp\/v2\/media\/16705"}],"wp:attachment":[{"href":"https:\/\/vossgass.no\/en\/wp-json\/wp\/v2\/media?parent=15265"}],"wp:term":[{"taxonomy":"product_brand","embeddable":true,"href":"https:\/\/vossgass.no\/en\/wp-json\/wp\/v2\/product_brand?post=15265"},{"taxonomy":"product_cat","embeddable":true,"href":"https:\/\/vossgass.no\/en\/wp-json\/wp\/v2\/product_cat?post=15265"},{"taxonomy":"product_tag","embeddable":true,"href":"https:\/\/vossgass.no\/en\/wp-json\/wp\/v2\/product_tag?post=15265"}],"curies":[{"name":"wp","href":"https:\/\/api.w.org\/{rel}","templated":true}]}}