{"id":15253,"date":"2025-04-15T16:50:59","date_gmt":"2025-04-15T14:50:59","guid":{"rendered":"https:\/\/vossgass.no\/produkt\/synkepumpe-reich-twin-19l-2\/"},"modified":"2025-12-19T13:35:58","modified_gmt":"2025-12-19T12:35:58","slug":"synkepumpe-reich-twin-19l-2","status":"publish","type":"product","link":"https:\/\/vossgass.no\/en\/product\/synkepumpe-reich-twin-19l-2\/","title":{"rendered":"Synkepumpe Reich Twin 19L"},"content":{"rendered":"","protected":false},"excerpt":{"rendered":"<p>Synkepumpe Twin, 55W.<br \/>\nMed doble motorer.<br \/>\nFungerer selv om den ene motoren g\u00e5r i stykker.<br \/>\nKapasitet 19 liter\/min.<br \/>\nN\u00f8dvendig \u00e5pning i tank: \u00d8 80 mm.<br \/>\nTrykk 1,4 bar.<br \/>\nKabel lengde 100 cm.<br \/>\nUten backventil og automatisk avlufting.<\/p>\n<p>Anslutningstyp: Uniquick<br \/>\nBackventil: Nej<br \/>\nTyp av pump: Dr\u00e4nkbar pump<br \/>\nDiameter: 80 mm<br \/>\nKapacitet: 19 L\/min<br \/>\nMax effekt: 55 Watt<br \/>\nMax tryck, vatten: 1,4 bar<\/p>","protected":false},"featured_media":16693,"comment_status":"open","ping_status":"closed","template":"","meta":[],"product_brand":[],"product_cat":[260,498],"product_tag":[],"class_list":{"0":"post-15253","1":"product","2":"type-product","3":"status-publish","4":"has-post-thumbnail","6":"product_cat-hytte-camping-fritid","7":"product_cat-toalett-vann-avlop","9":"first","10":"instock","11":"taxable","12":"shipping-taxable","13":"purchasable","14":"product-type-simple"},"_links":{"self":[{"href":"https:\/\/vossgass.no\/en\/wp-json\/wp\/v2\/product\/15253","targetHints":{"allow":["GET"]}}],"collection":[{"href":"https:\/\/vossgass.no\/en\/wp-json\/wp\/v2\/product"}],"about":[{"href":"https:\/\/vossgass.no\/en\/wp-json\/wp\/v2\/types\/product"}],"replies":[{"embeddable":true,"href":"https:\/\/vossgass.no\/en\/wp-json\/wp\/v2\/comments?post=15253"}],"wp:featuredmedia":[{"embeddable":true,"href":"https:\/\/vossgass.no\/en\/wp-json\/wp\/v2\/media\/16693"}],"wp:attachment":[{"href":"https:\/\/vossgass.no\/en\/wp-json\/wp\/v2\/media?parent=15253"}],"wp:term":[{"taxonomy":"product_brand","embeddable":true,"href":"https:\/\/vossgass.no\/en\/wp-json\/wp\/v2\/product_brand?post=15253"},{"taxonomy":"product_cat","embeddable":true,"href":"https:\/\/vossgass.no\/en\/wp-json\/wp\/v2\/product_cat?post=15253"},{"taxonomy":"product_tag","embeddable":true,"href":"https:\/\/vossgass.no\/en\/wp-json\/wp\/v2\/product_tag?post=15253"}],"curies":[{"name":"wp","href":"https:\/\/api.w.org\/{rel}","templated":true}]}}