{"id":15229,"date":"2025-04-15T16:46:03","date_gmt":"2025-04-15T14:46:03","guid":{"rendered":"https:\/\/vossgass.no\/produkt\/trekkhandtak-180mm-gra\/"},"modified":"2025-10-09T14:37:56","modified_gmt":"2025-10-09T12:37:56","slug":"trekkhandtak-180mm-gra","status":"publish","type":"product","link":"https:\/\/vossgass.no\/en\/product\/trekkhandtak-180mm-gra\/","title":{"rendered":"Trekkh\u00e5ndtak 180mm Gr\u00e5"},"content":{"rendered":"","protected":false},"excerpt":{"rendered":"<p>Trekkh\u00e5ndtak lengde 182 mm (c\/c 158 mm).<br \/>\nGr\u00e5.<br \/>\nSB 2-pack.<\/p>","protected":false},"featured_media":16669,"comment_status":"open","ping_status":"closed","template":"","meta":[],"product_brand":[],"product_cat":[630,260],"product_tag":[],"class_list":{"0":"post-15229","1":"product","2":"type-product","3":"status-publish","4":"has-post-thumbnail","6":"product_cat-camping-bobilutsyr","7":"product_cat-hytte-camping-fritid","9":"first","10":"instock","11":"taxable","12":"shipping-taxable","13":"purchasable","14":"product-type-simple"},"_links":{"self":[{"href":"https:\/\/vossgass.no\/en\/wp-json\/wp\/v2\/product\/15229","targetHints":{"allow":["GET"]}}],"collection":[{"href":"https:\/\/vossgass.no\/en\/wp-json\/wp\/v2\/product"}],"about":[{"href":"https:\/\/vossgass.no\/en\/wp-json\/wp\/v2\/types\/product"}],"replies":[{"embeddable":true,"href":"https:\/\/vossgass.no\/en\/wp-json\/wp\/v2\/comments?post=15229"}],"wp:featuredmedia":[{"embeddable":true,"href":"https:\/\/vossgass.no\/en\/wp-json\/wp\/v2\/media\/16669"}],"wp:attachment":[{"href":"https:\/\/vossgass.no\/en\/wp-json\/wp\/v2\/media?parent=15229"}],"wp:term":[{"taxonomy":"product_brand","embeddable":true,"href":"https:\/\/vossgass.no\/en\/wp-json\/wp\/v2\/product_brand?post=15229"},{"taxonomy":"product_cat","embeddable":true,"href":"https:\/\/vossgass.no\/en\/wp-json\/wp\/v2\/product_cat?post=15229"},{"taxonomy":"product_tag","embeddable":true,"href":"https:\/\/vossgass.no\/en\/wp-json\/wp\/v2\/product_tag?post=15229"}],"curies":[{"name":"wp","href":"https:\/\/api.w.org\/{rel}","templated":true}]}}