{"id":15213,"date":"2025-04-15T16:42:41","date_gmt":"2025-04-15T14:42:41","guid":{"rendered":"https:\/\/vossgass.no\/produkt\/slangesokkel-for-8mm-ror-og-8mm-slange-veggfeste\/"},"modified":"2025-12-22T15:15:59","modified_gmt":"2025-12-22T14:15:59","slug":"slangesokkel-for-8mm-ror-og-8mm-slange-veggfeste","status":"publish","type":"product","link":"https:\/\/vossgass.no\/en\/product\/slangesokkel-for-8mm-ror-og-8mm-slange-veggfeste\/","title":{"rendered":"Slangesokkel for 8mm R\u00f8r og 8mm Slange Veggfeste"},"content":{"rendered":"","protected":false},"excerpt":{"rendered":"<p>Skarvkoppling i m\u00e4ssing f\u00f6r \u00d8 8 mm gasolr\u00f6r och \u00d8 8 mm gasolslang.<br \/>\nF\u00f6r fast montering<\/p>","protected":false},"featured_media":16653,"comment_status":"open","ping_status":"closed","template":"","meta":[],"product_brand":[],"product_cat":[318,319,631],"product_tag":[],"class_list":{"0":"post-15213","1":"product","2":"type-product","3":"status-publish","4":"has-post-thumbnail","6":"product_cat-gass-og-gassutstyr","7":"product_cat-slanger-ror-fittings-gass-gassutstyr","8":"product_cat-slangesokkel","10":"first","11":"instock","12":"taxable","13":"shipping-taxable","14":"purchasable","15":"product-type-simple"},"_links":{"self":[{"href":"https:\/\/vossgass.no\/en\/wp-json\/wp\/v2\/product\/15213","targetHints":{"allow":["GET"]}}],"collection":[{"href":"https:\/\/vossgass.no\/en\/wp-json\/wp\/v2\/product"}],"about":[{"href":"https:\/\/vossgass.no\/en\/wp-json\/wp\/v2\/types\/product"}],"replies":[{"embeddable":true,"href":"https:\/\/vossgass.no\/en\/wp-json\/wp\/v2\/comments?post=15213"}],"wp:featuredmedia":[{"embeddable":true,"href":"https:\/\/vossgass.no\/en\/wp-json\/wp\/v2\/media\/16653"}],"wp:attachment":[{"href":"https:\/\/vossgass.no\/en\/wp-json\/wp\/v2\/media?parent=15213"}],"wp:term":[{"taxonomy":"product_brand","embeddable":true,"href":"https:\/\/vossgass.no\/en\/wp-json\/wp\/v2\/product_brand?post=15213"},{"taxonomy":"product_cat","embeddable":true,"href":"https:\/\/vossgass.no\/en\/wp-json\/wp\/v2\/product_cat?post=15213"},{"taxonomy":"product_tag","embeddable":true,"href":"https:\/\/vossgass.no\/en\/wp-json\/wp\/v2\/product_tag?post=15213"}],"curies":[{"name":"wp","href":"https:\/\/api.w.org\/{rel}","templated":true}]}}