{"id":15210,"date":"2025-04-15T16:42:03","date_gmt":"2025-04-15T14:42:03","guid":{"rendered":"https:\/\/vossgass.no\/produkt\/slangesokkel-8mm-ror-10mm-slange\/"},"modified":"2025-10-17T12:57:15","modified_gmt":"2025-10-17T10:57:15","slug":"slangesokkel-8mm-ror-10mm-slange","status":"publish","type":"product","link":"https:\/\/vossgass.no\/en\/product\/slangesokkel-8mm-ror-10mm-slange\/","title":{"rendered":"Slangesokkel 8mm R\u00f8r  &#8211; 10mm Slange"},"content":{"rendered":"","protected":false},"excerpt":{"rendered":"<p>Slangsockel i m\u00e4ssing f\u00f6r r\u00f6ranslutning 8mm och slanganslutning 10mm.<\/p>","protected":false},"featured_media":16650,"comment_status":"open","ping_status":"closed","template":"","meta":[],"product_brand":[],"product_cat":[318,319,631],"product_tag":[],"class_list":{"0":"post-15210","1":"product","2":"type-product","3":"status-publish","4":"has-post-thumbnail","6":"product_cat-gass-og-gassutstyr","7":"product_cat-slanger-ror-fittings-gass-gassutstyr","8":"product_cat-slangesokkel","10":"first","11":"instock","12":"taxable","13":"shipping-taxable","14":"purchasable","15":"product-type-simple"},"_links":{"self":[{"href":"https:\/\/vossgass.no\/en\/wp-json\/wp\/v2\/product\/15210","targetHints":{"allow":["GET"]}}],"collection":[{"href":"https:\/\/vossgass.no\/en\/wp-json\/wp\/v2\/product"}],"about":[{"href":"https:\/\/vossgass.no\/en\/wp-json\/wp\/v2\/types\/product"}],"replies":[{"embeddable":true,"href":"https:\/\/vossgass.no\/en\/wp-json\/wp\/v2\/comments?post=15210"}],"wp:featuredmedia":[{"embeddable":true,"href":"https:\/\/vossgass.no\/en\/wp-json\/wp\/v2\/media\/16650"}],"wp:attachment":[{"href":"https:\/\/vossgass.no\/en\/wp-json\/wp\/v2\/media?parent=15210"}],"wp:term":[{"taxonomy":"product_brand","embeddable":true,"href":"https:\/\/vossgass.no\/en\/wp-json\/wp\/v2\/product_brand?post=15210"},{"taxonomy":"product_cat","embeddable":true,"href":"https:\/\/vossgass.no\/en\/wp-json\/wp\/v2\/product_cat?post=15210"},{"taxonomy":"product_tag","embeddable":true,"href":"https:\/\/vossgass.no\/en\/wp-json\/wp\/v2\/product_tag?post=15210"}],"curies":[{"name":"wp","href":"https:\/\/api.w.org\/{rel}","templated":true}]}}