{"id":15200,"date":"2025-04-15T16:40:10","date_gmt":"2025-04-15T14:40:10","guid":{"rendered":"https:\/\/vossgass.no\/produkt\/biocool-clean-water-rent-drikkevann\/"},"modified":"2025-10-09T14:13:06","modified_gmt":"2025-10-09T12:13:06","slug":"biocool-clean-water-rent-drikkevann","status":"publish","type":"product","link":"https:\/\/vossgass.no\/en\/product\/biocool-clean-water-rent-drikkevann\/","title":{"rendered":"BioCool Clean Water (Rent drikkevann)"},"content":{"rendered":"","protected":false},"excerpt":{"rendered":"<p>Produktet tilf\u00f8rer oksygen til drikkevannet, noe som gj\u00f8r at den gode smaken i vannet vedlikeholdes. Oppl\u00f8sningstiden p\u00e5virkes av om vannet er i bevegelse og temperaturen p\u00e5 vannet. Ved fylling av ferskvann i tanken, dispenser tilsvarende antall tabletter i henhold til bruksanvisningen. Vann smaker best n\u00e5r det er kaldt. Fylte flasker med vann som settes i kj\u00f8leskapet gir alltid tilgang p\u00e5 godt vann. Vann behandlet med \u201cPurify my drinking water\u201d er trygt \u00e5 konsumere, b\u00e5de som drikkevann og ved matlaging. Krukken inneholder 250 tabletter som rekker til ca 1250 liter vann. Selges i 20-pakning til \u00c5F.<\/p>\n<p>* Produktet er testet i et akkreditert laboratorium i henhold til standarden for et brukbart drikkevann, der brukbart er den h\u00f8yeste vurderingen som drikkevann kan f\u00e5 i henhold til det svenske matverkets krav.<\/p>","protected":false},"featured_media":16640,"comment_status":"open","ping_status":"closed","template":"","meta":[],"product_brand":[],"product_cat":[260,498],"product_tag":[],"class_list":{"0":"post-15200","1":"product","2":"type-product","3":"status-publish","4":"has-post-thumbnail","6":"product_cat-hytte-camping-fritid","7":"product_cat-toalett-vann-avlop","9":"first","10":"instock","11":"taxable","12":"shipping-taxable","13":"purchasable","14":"product-type-simple"},"_links":{"self":[{"href":"https:\/\/vossgass.no\/en\/wp-json\/wp\/v2\/product\/15200","targetHints":{"allow":["GET"]}}],"collection":[{"href":"https:\/\/vossgass.no\/en\/wp-json\/wp\/v2\/product"}],"about":[{"href":"https:\/\/vossgass.no\/en\/wp-json\/wp\/v2\/types\/product"}],"replies":[{"embeddable":true,"href":"https:\/\/vossgass.no\/en\/wp-json\/wp\/v2\/comments?post=15200"}],"wp:featuredmedia":[{"embeddable":true,"href":"https:\/\/vossgass.no\/en\/wp-json\/wp\/v2\/media\/16640"}],"wp:attachment":[{"href":"https:\/\/vossgass.no\/en\/wp-json\/wp\/v2\/media?parent=15200"}],"wp:term":[{"taxonomy":"product_brand","embeddable":true,"href":"https:\/\/vossgass.no\/en\/wp-json\/wp\/v2\/product_brand?post=15200"},{"taxonomy":"product_cat","embeddable":true,"href":"https:\/\/vossgass.no\/en\/wp-json\/wp\/v2\/product_cat?post=15200"},{"taxonomy":"product_tag","embeddable":true,"href":"https:\/\/vossgass.no\/en\/wp-json\/wp\/v2\/product_tag?post=15200"}],"curies":[{"name":"wp","href":"https:\/\/api.w.org\/{rel}","templated":true}]}}