{"id":15199,"date":"2025-04-15T16:39:58","date_gmt":"2025-04-15T14:39:58","guid":{"rendered":"https:\/\/vossgass.no\/produkt\/biocool-clean-my-water-tank-ren-vanntank\/"},"modified":"2026-04-18T13:31:35","modified_gmt":"2026-04-18T11:31:35","slug":"biocool-clean-my-water-tank-ren-vanntank","status":"publish","type":"product","link":"https:\/\/vossgass.no\/en\/product\/biocool-clean-my-water-tank-ren-vanntank\/","title":{"rendered":"BioCool Clean my Water Tank (Ren vanntank)"},"content":{"rendered":"","protected":false},"excerpt":{"rendered":"<p>Vannbeholderen doseres med 1 tablett per 4 liter vann. Fyll hele systemet med dosert vann; tank, slanger og kraner. La virke i minst 12 timer. T\u00f8m deretter vannet gjennom bunnpluggen eller kranen. Ingen skylling n\u00f8dvendig. Forhindre at vannet raskt blir ubrukelig ved \u00e5 bruke Biocool \u201cPurify my drinking water\u201d for \u00e5 holde drikkevannet rent og friskt. Det er mulig \u00e5 gjenbruke vannet fra vanntanken for \u00e5 rense gr\u00e5vannstanken. Doser med nye tabletter tilsvarende volumet p\u00e5 gr\u00e5vannstanken. Hvis det lukter vondt fra gr\u00e5vannstanken i l\u00f8pet av sesongen, kan det tilsettes ytterligere tabletter som bryter ned den vonde lukten. Krukken inneholder 50 tabletter, som er nok til et tankvolum p\u00e5 ca 200 liter. Selges i 20-pakning til \u00c5F.<\/p>","protected":false},"featured_media":16639,"comment_status":"open","ping_status":"closed","template":"","meta":[],"product_brand":[],"product_cat":[260,498],"product_tag":[],"class_list":{"0":"post-15199","1":"product","2":"type-product","3":"status-publish","4":"has-post-thumbnail","6":"product_cat-hytte-camping-fritid","7":"product_cat-toalett-vann-avlop","9":"first","10":"instock","11":"taxable","12":"shipping-taxable","13":"purchasable","14":"product-type-simple"},"_links":{"self":[{"href":"https:\/\/vossgass.no\/en\/wp-json\/wp\/v2\/product\/15199","targetHints":{"allow":["GET"]}}],"collection":[{"href":"https:\/\/vossgass.no\/en\/wp-json\/wp\/v2\/product"}],"about":[{"href":"https:\/\/vossgass.no\/en\/wp-json\/wp\/v2\/types\/product"}],"replies":[{"embeddable":true,"href":"https:\/\/vossgass.no\/en\/wp-json\/wp\/v2\/comments?post=15199"}],"wp:featuredmedia":[{"embeddable":true,"href":"https:\/\/vossgass.no\/en\/wp-json\/wp\/v2\/media\/16639"}],"wp:attachment":[{"href":"https:\/\/vossgass.no\/en\/wp-json\/wp\/v2\/media?parent=15199"}],"wp:term":[{"taxonomy":"product_brand","embeddable":true,"href":"https:\/\/vossgass.no\/en\/wp-json\/wp\/v2\/product_brand?post=15199"},{"taxonomy":"product_cat","embeddable":true,"href":"https:\/\/vossgass.no\/en\/wp-json\/wp\/v2\/product_cat?post=15199"},{"taxonomy":"product_tag","embeddable":true,"href":"https:\/\/vossgass.no\/en\/wp-json\/wp\/v2\/product_tag?post=15199"}],"curies":[{"name":"wp","href":"https:\/\/api.w.org\/{rel}","templated":true}]}}