{"id":15190,"date":"2025-04-15T16:37:57","date_gmt":"2025-04-15T14:37:57","guid":{"rendered":"https:\/\/vossgass.no\/produkt\/rengjoringsmiddel-consentrat-1l-abnet\/"},"modified":"2025-10-09T14:21:34","modified_gmt":"2025-10-09T12:21:34","slug":"rengjoringsmiddel-consentrat-1l-abnet","status":"publish","type":"product","link":"https:\/\/vossgass.no\/en\/product\/rengjoringsmiddel-consentrat-1l-abnet\/","title":{"rendered":"Rengj\u00f8ringsmiddel Consentrat 1L Abnet"},"content":{"rendered":"","protected":false},"excerpt":{"rendered":"<p>Milj\u00f8vennlige ABNET\u00ae PROFESSIONAL er det ultimate rengj\u00f8ringsmiddelet til b\u00e5ten. Det er konsentrat s\u00e5 du tilsetter kun vann! ABNET\u00ae er biologisk nedbrytbar og er utviklet med en unik separasjonsteknikk som eliminerer alle typer av skitt ved \u00e5 klippe den statiske bindingen mellom smuss og overflaten, uten \u00e5 skade underlaget, innvendig og f\u00f8lsomme detaljer. Hurtigvirkende ABNET\u00ae PROFESSIONAL er det eneste rengj\u00f8ringsmiddelet du trenger for utvendig og innvendig vask. Fungerer godt p\u00e5 b\u00e5de harde og myke overflater. Fjerner vanskelige flekker, mugg, fett, sot, inngrodd skitt osv. For beste resultat, f\u00f8lg den anbefalte doseringstabellen og spray fortynnet ABNET\u00ae ved hjelp av en skumspr\u00f8yte eller sprayflaske. Abnet er dr\u00f8y i bruk, blandes med mellom 5 og 20 prosent vaskemiddel i vann, avhengig av hvor m\u00f8kkete overflaten er. Kan brukes p\u00e5 alle flater og tekstiler som t\u00e5ler vann. &#8211; Rengj\u00f8rende, rengj\u00f8r alle overflater &#8211; Avfettende, fjerner fettflekker &#8211; Renoverende, overflaten blir som ny &#8211; Antistatisk, forsinker nedst\u00f8ving &#8211; Luktneutralisering, eliminerer d\u00e5rlig lukt<\/p>","protected":false},"featured_media":16630,"comment_status":"open","ping_status":"closed","template":"","meta":[],"product_brand":[],"product_cat":[260,498],"product_tag":[],"class_list":{"0":"post-15190","1":"product","2":"type-product","3":"status-publish","4":"has-post-thumbnail","6":"product_cat-hytte-camping-fritid","7":"product_cat-toalett-vann-avlop","9":"first","10":"instock","11":"taxable","12":"shipping-taxable","13":"purchasable","14":"product-type-simple"},"_links":{"self":[{"href":"https:\/\/vossgass.no\/en\/wp-json\/wp\/v2\/product\/15190","targetHints":{"allow":["GET"]}}],"collection":[{"href":"https:\/\/vossgass.no\/en\/wp-json\/wp\/v2\/product"}],"about":[{"href":"https:\/\/vossgass.no\/en\/wp-json\/wp\/v2\/types\/product"}],"replies":[{"embeddable":true,"href":"https:\/\/vossgass.no\/en\/wp-json\/wp\/v2\/comments?post=15190"}],"wp:featuredmedia":[{"embeddable":true,"href":"https:\/\/vossgass.no\/en\/wp-json\/wp\/v2\/media\/16630"}],"wp:attachment":[{"href":"https:\/\/vossgass.no\/en\/wp-json\/wp\/v2\/media?parent=15190"}],"wp:term":[{"taxonomy":"product_brand","embeddable":true,"href":"https:\/\/vossgass.no\/en\/wp-json\/wp\/v2\/product_brand?post=15190"},{"taxonomy":"product_cat","embeddable":true,"href":"https:\/\/vossgass.no\/en\/wp-json\/wp\/v2\/product_cat?post=15190"},{"taxonomy":"product_tag","embeddable":true,"href":"https:\/\/vossgass.no\/en\/wp-json\/wp\/v2\/product_tag?post=15190"}],"curies":[{"name":"wp","href":"https:\/\/api.w.org\/{rel}","templated":true}]}}