{"id":15177,"date":"2025-04-15T16:35:19","date_gmt":"2025-04-15T14:35:19","guid":{"rendered":"https:\/\/vossgass.no\/produkt\/g-y-powerjet-mykflammebrenner-35-kw-871001\/"},"modified":"2025-10-07T12:39:49","modified_gmt":"2025-10-07T10:39:49","slug":"g-y-powerjet-mykflammebrenner-35-kw-871001","status":"publish","type":"product","link":"https:\/\/vossgass.no\/en\/product\/g-y-powerjet-mykflammebrenner-35-kw-871001\/","title":{"rendered":"G Y Powerjet Mykflammebrenner 3,5 kw 871001"},"content":{"rendered":"","protected":false},"excerpt":{"rendered":"<p>Det lette, h\u00e5ndholdte brennersystemet<\/p>\n<p>\u2022 Automatisk piezo tenning<br \/>\n\u2022 Avtrekker stenger og \u00e5pner for gassen og reduserer gassforbruket<br \/>\n\u2022 Kan brukes i alle posisjoner<br \/>\n\u2022 Bredt utvalg av lett utbyttbare brennere<br \/>\n\u2022 For engangs gassflasker, fyllbare flasker og ventilbokser<br \/>\n\u2022 Ergonomisk lettvektsh\u00e5ndtak i komposittmateriale eller et kraftig, solid metallh\u00e5ndtak System System<\/p>\n<p>Fleksibilitet er n\u00f8kkelordet n\u00e5r en skal beskrive Powerjet og Metaljet. Disse brennerne har alt en profesjonell eller en \u201dgj\u00f8r det selv\u201d bruker kan kreve.<br \/>\nPowerjet og Metaljet med mange unike l\u00f8sninger, er det mest avanserte brennerh\u00e5ndtaket for myk- eller hardlodding, krymping, varming eller demontering.<\/p>\n<p>Powerjet og Metaljet \u2013 Sievert\u00b4s h\u00e5ndholdte lettvektsbrennere kan brukes p\u00e5 propan, butan, ventilbokser, Ultragass &#8211; en effektiv gassblanding som ikke gir oppflamming, eller v\u00e5r nye UltraMapp\u00ae, gassblandingen som gir ekstremt h\u00f8ye temperaturer.<\/p>\n<p>Powerjet og Metaljet har alt utstyr og fordeler en profesjonell bruker krever og mer til.<\/p>\n<p>Ingen verkt\u00f8ykasse burde v\u00e6re uten!<\/p>","protected":false},"featured_media":16617,"comment_status":"open","ping_status":"closed","template":"","meta":[],"product_brand":[],"product_cat":[318,476],"product_tag":[],"class_list":{"0":"post-15177","1":"product","2":"type-product","3":"status-publish","4":"has-post-thumbnail","6":"product_cat-gass-og-gassutstyr","7":"product_cat-handbrennere","9":"first","10":"instock","11":"taxable","12":"shipping-taxable","13":"purchasable","14":"product-type-simple"},"_links":{"self":[{"href":"https:\/\/vossgass.no\/en\/wp-json\/wp\/v2\/product\/15177","targetHints":{"allow":["GET"]}}],"collection":[{"href":"https:\/\/vossgass.no\/en\/wp-json\/wp\/v2\/product"}],"about":[{"href":"https:\/\/vossgass.no\/en\/wp-json\/wp\/v2\/types\/product"}],"replies":[{"embeddable":true,"href":"https:\/\/vossgass.no\/en\/wp-json\/wp\/v2\/comments?post=15177"}],"wp:featuredmedia":[{"embeddable":true,"href":"https:\/\/vossgass.no\/en\/wp-json\/wp\/v2\/media\/16617"}],"wp:attachment":[{"href":"https:\/\/vossgass.no\/en\/wp-json\/wp\/v2\/media?parent=15177"}],"wp:term":[{"taxonomy":"product_brand","embeddable":true,"href":"https:\/\/vossgass.no\/en\/wp-json\/wp\/v2\/product_brand?post=15177"},{"taxonomy":"product_cat","embeddable":true,"href":"https:\/\/vossgass.no\/en\/wp-json\/wp\/v2\/product_cat?post=15177"},{"taxonomy":"product_tag","embeddable":true,"href":"https:\/\/vossgass.no\/en\/wp-json\/wp\/v2\/product_tag?post=15177"}],"curies":[{"name":"wp","href":"https:\/\/api.w.org\/{rel}","templated":true}]}}