{"id":15170,"date":"2025-04-15T16:33:51","date_gmt":"2025-04-15T14:33:51","guid":{"rendered":"https:\/\/vossgass.no\/produkt\/sievert-b-promatic-3366-handtak-m-tenn-univ-system-336611\/"},"modified":"2025-09-23T11:41:31","modified_gmt":"2025-09-23T09:41:31","slug":"sievert-b-promatic-3366-handtak-m-tenn-univ-system-336611","status":"publish","type":"product","link":"https:\/\/vossgass.no\/en\/product\/sievert-b-promatic-3366-handtak-m-tenn-univ-system-336611\/","title":{"rendered":"Sievert B Promatic 3366 H\u00e5ndtak m\/tenn Univ.system 336611"},"content":{"rendered":"","protected":false},"excerpt":{"rendered":"<p>H\u00e5ndtak nr. 336611<br \/>\nArbeidstrykk, bar 1,5-4<br \/>\nVekt, g 290<br \/>\nLengde, mm 180<br \/>\nH\u00f8yde, mm 80<\/p>\n<p>\u2022 Automatisk tenning. Piezo.<br \/>\n\u2013 garantert 30.000 tenninger<br \/>\n\u2022 Avtrekker p\u00e5\/av \u2013 ingen un\u00f8dig bruk av gass<br \/>\n\u2022 Bajonettfatning p\u00e5 brennere \u2013 raskt \u00e5 skifte<br \/>\n\u2022 Roterende slangenippel \u2013 ingen tvinning av slangen<br \/>\n\u2022 N\u00f8yaktig regulering av flammen<br \/>\n\u2022 Avtrekker med avlastningsfunksjon<br \/>\n\u2022 Unikt patentert tenningssystem<br \/>\n\u2022 Ergonomisk og moderne design<br \/>\n\u2022 Fungerer i all slags v\u00e6r<br \/>\n\u2022 Stort brennerutvalg for alle typer oppgaver<br \/>\nPromatic \u2013 Sievert\u00b4s fremste brennerserie er utviklet for st\u00f8rst mulig grad av sikkerhet brukervennlighet og er perfekt for alle typer hardlodding, myklodding og alle typer varmearbeid. patenterte piezotenningen, ergonomiske utforming og avanserte design gj\u00f8r Promatic markedets beste system for \u00e5 tilfredsstille h\u00e5ndverkerens spesielle og spesifikke krav. Promatic ogs\u00e5 markedets st\u00f8rste utvalg av brennere.<\/p>\n<p>Promatic, Sievert\u00b4s \u201dtop of the line serie\u201d kan brukes p\u00e5 propan, butan og Mapp\u00ae.<\/p>","protected":false},"featured_media":16610,"comment_status":"open","ping_status":"closed","template":"","meta":[],"product_brand":[],"product_cat":[318,476],"product_tag":[],"class_list":{"0":"post-15170","1":"product","2":"type-product","3":"status-publish","4":"has-post-thumbnail","6":"product_cat-gass-og-gassutstyr","7":"product_cat-handbrennere","9":"first","10":"instock","11":"taxable","12":"shipping-taxable","13":"purchasable","14":"product-type-simple"},"_links":{"self":[{"href":"https:\/\/vossgass.no\/en\/wp-json\/wp\/v2\/product\/15170","targetHints":{"allow":["GET"]}}],"collection":[{"href":"https:\/\/vossgass.no\/en\/wp-json\/wp\/v2\/product"}],"about":[{"href":"https:\/\/vossgass.no\/en\/wp-json\/wp\/v2\/types\/product"}],"replies":[{"embeddable":true,"href":"https:\/\/vossgass.no\/en\/wp-json\/wp\/v2\/comments?post=15170"}],"wp:featuredmedia":[{"embeddable":true,"href":"https:\/\/vossgass.no\/en\/wp-json\/wp\/v2\/media\/16610"}],"wp:attachment":[{"href":"https:\/\/vossgass.no\/en\/wp-json\/wp\/v2\/media?parent=15170"}],"wp:term":[{"taxonomy":"product_brand","embeddable":true,"href":"https:\/\/vossgass.no\/en\/wp-json\/wp\/v2\/product_brand?post=15170"},{"taxonomy":"product_cat","embeddable":true,"href":"https:\/\/vossgass.no\/en\/wp-json\/wp\/v2\/product_cat?post=15170"},{"taxonomy":"product_tag","embeddable":true,"href":"https:\/\/vossgass.no\/en\/wp-json\/wp\/v2\/product_tag?post=15170"}],"curies":[{"name":"wp","href":"https:\/\/api.w.org\/{rel}","templated":true}]}}