{"id":15162,"date":"2025-04-15T16:32:19","date_gmt":"2025-04-15T14:32:19","guid":{"rendered":"https:\/\/vossgass.no\/produkt\/b-r-k-regulator-pol-fast-trykk-2-bar-4-kg-h-309221\/"},"modified":"2025-10-07T12:35:07","modified_gmt":"2025-10-07T10:35:07","slug":"b-r-k-regulator-pol-fast-trykk-2-bar-4-kg-h-309221","status":"publish","type":"product","link":"https:\/\/vossgass.no\/en\/product\/b-r-k-regulator-pol-fast-trykk-2-bar-4-kg-h-309221\/","title":{"rendered":"B R K Regulator POL fast trykk 2 bar 4 kg\/h 309221"},"content":{"rendered":"","protected":false},"excerpt":{"rendered":"<p>Sievert regulatorer er produsert i messing som sikrer h\u00f8y kvalitet og lang levetid. Regulatorene har sv\u00e6rt h\u00f8y kapasitet og presist utgangstrykk.<br \/>\nHvorfor bruke regulator?<br \/>\nNoen Sievert Pro 86\/88 brennere, som syklonbrennerne og de fleste Sievert Promatic brennere, krever et fast tilf\u00f8rt trykk p\u00e5 2 bar for \u00e5 fungere best mulig. Andre brennere kan ogs\u00e5 fungere ved h\u00f8yere trykk, men det er mange fordeler med \u00e5 redusere trykket fra en propanflaske.<\/p>\n<p>Ved bruk av regulator stabiliseres trykket og det oppn\u00e5s samme trykk en varm sommerdag som en kald vinterdag. Diagrammet til h\u00f8yre viser hvordan trykket i en propanflaske varierer alt etter temperatur. Hvis propanforbruket er h\u00f8yt, f\u00f8rer dette til at propanflasken nedkj\u00f8les og trykket reduseres.<\/p>\n<p>Hvorfor bruke slangebruddsventil?<br \/>\nSlangebruddsventilen \u00f8ker sikkerheten ved at propantilf\u00f8rselen stenges ved brudd p\u00e5 slangen eller ved andre st\u00f8rre gasslekkasjer. Det er spesielt viktig \u00e5 bruke slangebruddsventil p\u00e5 lange slanger. Slangetilkoblingen roterer fritt for \u00e5 hindre at slangen vrir seg. Sievert slangebruddsventiler leveres separat (3054) eller innebygd i regulatoren (3063, 3083, 3092 3093).<\/p>\n<p>Technical data<br \/>\nItem no.\t309221<br \/>\nDescription\tRegulator 2 bar with HFV &#8211; POL<br \/>\nWeight, g\t370<br \/>\nDimensions (packaging), mm\t170x80x40<br \/>\nType of gas\tPropane<br \/>\nConnection, cylinder side\tPOL<br \/>\nConnection, hose side\tBSP 3\/8&#8243; LH<br \/>\nWorking pressure\t2 bar<br \/>\nMax. capacity, kg\/h\t4<br \/>\nwith hose failure valve\tyes<\/p>","protected":false},"featured_media":16602,"comment_status":"open","ping_status":"closed","template":"","meta":[],"product_brand":[],"product_cat":[318,476],"product_tag":[],"class_list":{"0":"post-15162","1":"product","2":"type-product","3":"status-publish","4":"has-post-thumbnail","6":"product_cat-gass-og-gassutstyr","7":"product_cat-handbrennere","9":"first","10":"instock","11":"taxable","12":"shipping-taxable","13":"purchasable","14":"product-type-simple"},"_links":{"self":[{"href":"https:\/\/vossgass.no\/en\/wp-json\/wp\/v2\/product\/15162","targetHints":{"allow":["GET"]}}],"collection":[{"href":"https:\/\/vossgass.no\/en\/wp-json\/wp\/v2\/product"}],"about":[{"href":"https:\/\/vossgass.no\/en\/wp-json\/wp\/v2\/types\/product"}],"replies":[{"embeddable":true,"href":"https:\/\/vossgass.no\/en\/wp-json\/wp\/v2\/comments?post=15162"}],"wp:featuredmedia":[{"embeddable":true,"href":"https:\/\/vossgass.no\/en\/wp-json\/wp\/v2\/media\/16602"}],"wp:attachment":[{"href":"https:\/\/vossgass.no\/en\/wp-json\/wp\/v2\/media?parent=15162"}],"wp:term":[{"taxonomy":"product_brand","embeddable":true,"href":"https:\/\/vossgass.no\/en\/wp-json\/wp\/v2\/product_brand?post=15162"},{"taxonomy":"product_cat","embeddable":true,"href":"https:\/\/vossgass.no\/en\/wp-json\/wp\/v2\/product_cat?post=15162"},{"taxonomy":"product_tag","embeddable":true,"href":"https:\/\/vossgass.no\/en\/wp-json\/wp\/v2\/product_tag?post=15162"}],"curies":[{"name":"wp","href":"https:\/\/api.w.org\/{rel}","templated":true}]}}