{"id":15153,"date":"2025-04-15T16:30:26","date_gmt":"2025-04-15T14:30:26","guid":{"rendered":"https:\/\/vossgass.no\/produkt\/ultramapp-7-16-750-ml-eingongsboks\/"},"modified":"2025-10-28T14:17:37","modified_gmt":"2025-10-28T13:17:37","slug":"ultramapp-7-16-750-ml-eingongsboks","status":"publish","type":"product","link":"https:\/\/vossgass.no\/en\/product\/ultramapp-7-16-750-ml-eingongsboks\/","title":{"rendered":"Ultramapp 7\/16&#8243; 750 ml eingongsboks"},"content":{"rendered":"","protected":false},"excerpt":{"rendered":"<p>M\u00c5 HENTAST I BUTIKKEN ELLER AVTALE LEVERING PGA INNHALD AV GASS f\u00f8r kj\u00f8p. <\/p>\n<p>Gassflaske til proff brennere for h\u00e5ndverker.<br \/>\nFlasken er ikke fyllbar.<br \/>\nGir h\u00f8yere effekt enn vanlige gassbokser.<\/p>\n<p>VIKTIG AT BRENNER ER LAGET FOR H\u00d8YERE EFFEKT<\/p>\n<p>Brenner opptil 35% lenger enn Propan<br \/>\nBrenn temperatur: 2400<br \/>\nInnhold: MAP<br \/>\nMengde: 750ml<br \/>\nFlasketilkobling: 7\/16 ventilboksgjenger<\/p>","protected":false},"featured_media":16593,"comment_status":"open","ping_status":"closed","template":"","meta":[],"product_brand":[],"product_cat":[318,459,603],"product_tag":[],"class_list":{"0":"post-15153","1":"product","2":"type-product","3":"status-publish","4":"has-post-thumbnail","6":"product_cat-gass-og-gassutstyr","7":"product_cat-gassflaskerer-propan","8":"product_cat-nykjop","9":"product_shipping_class-kan-ikke-sendes","11":"first","12":"instock","13":"taxable","14":"shipping-taxable","15":"purchasable","16":"product-type-simple"},"_links":{"self":[{"href":"https:\/\/vossgass.no\/en\/wp-json\/wp\/v2\/product\/15153","targetHints":{"allow":["GET"]}}],"collection":[{"href":"https:\/\/vossgass.no\/en\/wp-json\/wp\/v2\/product"}],"about":[{"href":"https:\/\/vossgass.no\/en\/wp-json\/wp\/v2\/types\/product"}],"replies":[{"embeddable":true,"href":"https:\/\/vossgass.no\/en\/wp-json\/wp\/v2\/comments?post=15153"}],"wp:featuredmedia":[{"embeddable":true,"href":"https:\/\/vossgass.no\/en\/wp-json\/wp\/v2\/media\/16593"}],"wp:attachment":[{"href":"https:\/\/vossgass.no\/en\/wp-json\/wp\/v2\/media?parent=15153"}],"wp:term":[{"taxonomy":"product_brand","embeddable":true,"href":"https:\/\/vossgass.no\/en\/wp-json\/wp\/v2\/product_brand?post=15153"},{"taxonomy":"product_cat","embeddable":true,"href":"https:\/\/vossgass.no\/en\/wp-json\/wp\/v2\/product_cat?post=15153"},{"taxonomy":"product_tag","embeddable":true,"href":"https:\/\/vossgass.no\/en\/wp-json\/wp\/v2\/product_tag?post=15153"}],"curies":[{"name":"wp","href":"https:\/\/api.w.org\/{rel}","templated":true}]}}