{"id":15128,"date":"2025-04-15T16:25:21","date_gmt":"2025-04-15T14:25:21","guid":{"rendered":"https:\/\/vossgass.no\/produkt\/slangesokkel-1-4v-inv-10mm-sokkel\/"},"modified":"2026-04-10T10:18:30","modified_gmt":"2026-04-10T08:18:30","slug":"slangesokkel-1-4v-inv-10mm-sokkel","status":"publish","type":"product","link":"https:\/\/vossgass.no\/en\/product\/slangesokkel-1-4v-inv-10mm-sokkel\/","title":{"rendered":"Slangesokkel 1\/4&#8243;V inv 10mm sokkel"},"content":{"rendered":"","protected":false},"excerpt":{"rendered":"<p>Slangesokkel med 3\/8&#8243; innvendige gjenger brukes ofte p\u00e5 utstyr som trenger lavt gasstykk. Brukes mye p\u00e5 grill og fritidsutstyr. Den innvendige koblingen er konveks, som gj\u00f8r at gjengetetting ikke brukes.<\/p>","protected":false},"featured_media":16568,"comment_status":"open","ping_status":"closed","template":"","meta":[],"product_brand":[],"product_cat":[318,319,631],"product_tag":[],"class_list":{"0":"post-15128","1":"product","2":"type-product","3":"status-publish","4":"has-post-thumbnail","6":"product_cat-gass-og-gassutstyr","7":"product_cat-slanger-ror-fittings-gass-gassutstyr","8":"product_cat-slangesokkel","10":"first","11":"instock","12":"taxable","13":"shipping-taxable","14":"purchasable","15":"product-type-simple"},"_links":{"self":[{"href":"https:\/\/vossgass.no\/en\/wp-json\/wp\/v2\/product\/15128","targetHints":{"allow":["GET"]}}],"collection":[{"href":"https:\/\/vossgass.no\/en\/wp-json\/wp\/v2\/product"}],"about":[{"href":"https:\/\/vossgass.no\/en\/wp-json\/wp\/v2\/types\/product"}],"replies":[{"embeddable":true,"href":"https:\/\/vossgass.no\/en\/wp-json\/wp\/v2\/comments?post=15128"}],"wp:featuredmedia":[{"embeddable":true,"href":"https:\/\/vossgass.no\/en\/wp-json\/wp\/v2\/media\/16568"}],"wp:attachment":[{"href":"https:\/\/vossgass.no\/en\/wp-json\/wp\/v2\/media?parent=15128"}],"wp:term":[{"taxonomy":"product_brand","embeddable":true,"href":"https:\/\/vossgass.no\/en\/wp-json\/wp\/v2\/product_brand?post=15128"},{"taxonomy":"product_cat","embeddable":true,"href":"https:\/\/vossgass.no\/en\/wp-json\/wp\/v2\/product_cat?post=15128"},{"taxonomy":"product_tag","embeddable":true,"href":"https:\/\/vossgass.no\/en\/wp-json\/wp\/v2\/product_tag?post=15128"}],"curies":[{"name":"wp","href":"https:\/\/api.w.org\/{rel}","templated":true}]}}