{"id":15122,"date":"2025-04-15T16:23:53","date_gmt":"2025-04-15T14:23:53","guid":{"rendered":"https:\/\/vossgass.no\/produkt\/brannslukker-500ml\/"},"modified":"2025-10-08T16:17:55","modified_gmt":"2025-10-08T14:17:55","slug":"brannslukker-500ml","status":"publish","type":"product","link":"https:\/\/vossgass.no\/en\/product\/brannslukker-500ml\/","title":{"rendered":"Brannslukker 500ml"},"content":{"rendered":"","protected":false},"excerpt":{"rendered":"<p>FireFighter 500ml brannslokker er en liten og effektiv brannslokker som kan brukes til \u00e5 slukke mindre branner. <\/p>\n<p>ENKEL I BRUK<br \/>\nSLOKKER RASKT<br \/>\nRASK NEDKJ\u00d8LING<br \/>\nLETT \u00c5 TA MED<br \/>\nMILJ\u00d8VENNLIG<\/p>\n<p>Bruksomr\u00e5der:<br \/>\nTre, papir, tekstiler, plastikk, frityr, brennbare v\u00e6sker og el-anlegg opp til 1000 volt.<\/p>\n<p>Ekstremt kj\u00f8lende effekt, fra 2000 oC til 135 oC p\u00e5 bare 45 sekunder. Irriterer verken hud eller \u00f8yne. Ingen sekund\u00e6rskader etter bruk, bare t\u00f8rk opp der hvor FireFighter 500ml har v\u00e6rt brukt. 100% nedbrytbart p\u00e5 28 dager, ikke giftig mot mennesker, dyr eller planter. <\/p>\n<p>Perfekt til huset, bilen, b\u00e5ten, hytten eller campingvogn\/bobil.<\/p>","protected":false},"featured_media":16562,"comment_status":"open","ping_status":"closed","template":"","meta":[],"product_brand":[],"product_cat":[260,628,629],"product_tag":[],"class_list":{"0":"post-15122","1":"product","2":"type-product","3":"status-publish","4":"has-post-thumbnail","6":"product_cat-hytte-camping-fritid","7":"product_cat-sikkerhet-hytte-camping-fritid-2","8":"product_cat-slukkemiddel","10":"first","11":"instock","12":"taxable","13":"shipping-taxable","14":"purchasable","15":"product-type-simple"},"_links":{"self":[{"href":"https:\/\/vossgass.no\/en\/wp-json\/wp\/v2\/product\/15122","targetHints":{"allow":["GET"]}}],"collection":[{"href":"https:\/\/vossgass.no\/en\/wp-json\/wp\/v2\/product"}],"about":[{"href":"https:\/\/vossgass.no\/en\/wp-json\/wp\/v2\/types\/product"}],"replies":[{"embeddable":true,"href":"https:\/\/vossgass.no\/en\/wp-json\/wp\/v2\/comments?post=15122"}],"wp:featuredmedia":[{"embeddable":true,"href":"https:\/\/vossgass.no\/en\/wp-json\/wp\/v2\/media\/16562"}],"wp:attachment":[{"href":"https:\/\/vossgass.no\/en\/wp-json\/wp\/v2\/media?parent=15122"}],"wp:term":[{"taxonomy":"product_brand","embeddable":true,"href":"https:\/\/vossgass.no\/en\/wp-json\/wp\/v2\/product_brand?post=15122"},{"taxonomy":"product_cat","embeddable":true,"href":"https:\/\/vossgass.no\/en\/wp-json\/wp\/v2\/product_cat?post=15122"},{"taxonomy":"product_tag","embeddable":true,"href":"https:\/\/vossgass.no\/en\/wp-json\/wp\/v2\/product_tag?post=15122"}],"curies":[{"name":"wp","href":"https:\/\/api.w.org\/{rel}","templated":true}]}}