{"id":15121,"date":"2025-04-15T16:23:42","date_gmt":"2025-04-15T14:23:42","guid":{"rendered":"https:\/\/vossgass.no\/produkt\/skjellsand-vasket-pose-20l\/"},"modified":"2026-03-30T12:23:32","modified_gmt":"2026-03-30T10:23:32","slug":"skjellsand-vasket-pose-20l","status":"publish","type":"product","link":"https:\/\/vossgass.no\/en\/product\/skjellsand-vasket-pose-20l\/","title":{"rendered":"Skjellsand Vasket Pose 20L"},"content":{"rendered":"","protected":false},"excerpt":{"rendered":"<p>Denne skjellsanden er grundig trommel-vasket og helt fri for kalkst\u00f8v. Det er viktig \u00e5 kun benytte skjellsand uten kalkst\u00f8v for \u00e5 unng\u00e5 at cisternevannet blir hvitt. En pose med 20 liter skjellsand holder normalt til 3 sesonger for takvannfilter og 4 sesonger for partikkelfilter.<\/p>\n<p>Bruk: Mellom filterdukene fylles ca. 7 liter skjellsand (takvannfilter) og ca 5 liter skjellsand for partikkelfilter til vannbeholder.<\/p>","protected":false},"featured_media":16561,"comment_status":"open","ping_status":"closed","template":"","meta":[],"product_brand":[],"product_cat":[260,498],"product_tag":[],"class_list":{"0":"post-15121","1":"product","2":"type-product","3":"status-publish","4":"has-post-thumbnail","6":"product_cat-hytte-camping-fritid","7":"product_cat-toalett-vann-avlop","8":"product_shipping_class-kan-ikke-sendes","10":"first","11":"outofstock","12":"taxable","13":"shipping-taxable","14":"purchasable","15":"product-type-simple"},"_links":{"self":[{"href":"https:\/\/vossgass.no\/en\/wp-json\/wp\/v2\/product\/15121","targetHints":{"allow":["GET"]}}],"collection":[{"href":"https:\/\/vossgass.no\/en\/wp-json\/wp\/v2\/product"}],"about":[{"href":"https:\/\/vossgass.no\/en\/wp-json\/wp\/v2\/types\/product"}],"replies":[{"embeddable":true,"href":"https:\/\/vossgass.no\/en\/wp-json\/wp\/v2\/comments?post=15121"}],"wp:featuredmedia":[{"embeddable":true,"href":"https:\/\/vossgass.no\/en\/wp-json\/wp\/v2\/media\/16561"}],"wp:attachment":[{"href":"https:\/\/vossgass.no\/en\/wp-json\/wp\/v2\/media?parent=15121"}],"wp:term":[{"taxonomy":"product_brand","embeddable":true,"href":"https:\/\/vossgass.no\/en\/wp-json\/wp\/v2\/product_brand?post=15121"},{"taxonomy":"product_cat","embeddable":true,"href":"https:\/\/vossgass.no\/en\/wp-json\/wp\/v2\/product_cat?post=15121"},{"taxonomy":"product_tag","embeddable":true,"href":"https:\/\/vossgass.no\/en\/wp-json\/wp\/v2\/product_tag?post=15121"}],"curies":[{"name":"wp","href":"https:\/\/api.w.org\/{rel}","templated":true}]}}