{"id":15120,"date":"2025-04-15T16:23:30","date_gmt":"2025-04-15T14:23:30","guid":{"rendered":"https:\/\/vossgass.no\/produkt\/cinderella-toalettposer\/"},"modified":"2026-03-31T13:43:42","modified_gmt":"2026-03-31T11:43:42","slug":"cinderella-toalettposer","status":"publish","type":"product","link":"https:\/\/vossgass.no\/en\/product\/cinderella-toalettposer\/","title":{"rendered":"Cinderella Toalettposer"},"content":{"rendered":"","protected":false},"excerpt":{"rendered":"<p>Om produktet:<br \/>\nCinderella originale toalettposer er utviklet spesielt for Cinderella forbrenningstoalett.<br \/>\nVi som produsent har full kontroll med posens kvalitet, milj\u00f8faktorer og produksjonsmetoder.<br \/>\nVi har etter flere \u00e5rs forskning kommet frem til konklusjoner p\u00e5 at posens kvalitet er essensiell for \u00e5 sikre Cinderellaen et \u201dlangt liv\u201d og holde servicebehovet nede.<\/p>\n<p>Bredde: 275 mm<br \/>\nLengde: 275 mm<br \/>\nH\u00f8yde: 65 mm<\/p>","protected":false},"featured_media":16560,"comment_status":"open","ping_status":"closed","template":"","meta":[],"product_brand":[],"product_cat":[260,498],"product_tag":[],"class_list":{"0":"post-15120","1":"product","2":"type-product","3":"status-publish","4":"has-post-thumbnail","6":"product_cat-hytte-camping-fritid","7":"product_cat-toalett-vann-avlop","9":"first","10":"instock","11":"taxable","12":"shipping-taxable","13":"purchasable","14":"product-type-simple"},"_links":{"self":[{"href":"https:\/\/vossgass.no\/en\/wp-json\/wp\/v2\/product\/15120","targetHints":{"allow":["GET"]}}],"collection":[{"href":"https:\/\/vossgass.no\/en\/wp-json\/wp\/v2\/product"}],"about":[{"href":"https:\/\/vossgass.no\/en\/wp-json\/wp\/v2\/types\/product"}],"replies":[{"embeddable":true,"href":"https:\/\/vossgass.no\/en\/wp-json\/wp\/v2\/comments?post=15120"}],"wp:featuredmedia":[{"embeddable":true,"href":"https:\/\/vossgass.no\/en\/wp-json\/wp\/v2\/media\/16560"}],"wp:attachment":[{"href":"https:\/\/vossgass.no\/en\/wp-json\/wp\/v2\/media?parent=15120"}],"wp:term":[{"taxonomy":"product_brand","embeddable":true,"href":"https:\/\/vossgass.no\/en\/wp-json\/wp\/v2\/product_brand?post=15120"},{"taxonomy":"product_cat","embeddable":true,"href":"https:\/\/vossgass.no\/en\/wp-json\/wp\/v2\/product_cat?post=15120"},{"taxonomy":"product_tag","embeddable":true,"href":"https:\/\/vossgass.no\/en\/wp-json\/wp\/v2\/product_tag?post=15120"}],"curies":[{"name":"wp","href":"https:\/\/api.w.org\/{rel}","templated":true}]}}