{"id":15109,"date":"2025-04-15T16:21:38","date_gmt":"2025-04-15T14:21:38","guid":{"rendered":"https:\/\/vossgass.no\/produkt\/sanitaerbark-20-liter-nelson-garden\/"},"modified":"2025-09-23T13:07:26","modified_gmt":"2025-09-23T11:07:26","slug":"sanitaerbark-20-liter-nelson-garden","status":"publish","type":"product","link":"https:\/\/vossgass.no\/en\/product\/sanitaerbark-20-liter-nelson-garden\/","title":{"rendered":"Sanit\u00e6rbark 20 Liter, Nelson Garden"},"content":{"rendered":"","protected":false},"excerpt":{"rendered":"<p>En tilpasset blanding av torv og flis som suger opp fuktighet og gir luft i komposten.<\/p>\n<p>B\u00e5de i toalettene og i kompostbeholderen fyller sanit\u00e6rbarken flere funksjoner. Den tilf\u00f8rer n\u00e6ring til mikroorganismer, \u00f8ker hastigheten i prosessen, tilf\u00f8rer luft og holder p\u00e5 fuktighet<\/p>\n<p>Bruk sanit\u00e6rbark i biologiske toaletter!<\/p>","protected":false},"featured_media":16549,"comment_status":"open","ping_status":"closed","template":"","meta":[],"product_brand":[],"product_cat":[260,498],"product_tag":[],"class_list":{"0":"post-15109","1":"product","2":"type-product","3":"status-publish","4":"has-post-thumbnail","6":"product_cat-hytte-camping-fritid","7":"product_cat-toalett-vann-avlop","9":"first","10":"instock","11":"taxable","12":"shipping-taxable","13":"purchasable","14":"product-type-simple"},"_links":{"self":[{"href":"https:\/\/vossgass.no\/en\/wp-json\/wp\/v2\/product\/15109","targetHints":{"allow":["GET"]}}],"collection":[{"href":"https:\/\/vossgass.no\/en\/wp-json\/wp\/v2\/product"}],"about":[{"href":"https:\/\/vossgass.no\/en\/wp-json\/wp\/v2\/types\/product"}],"replies":[{"embeddable":true,"href":"https:\/\/vossgass.no\/en\/wp-json\/wp\/v2\/comments?post=15109"}],"wp:featuredmedia":[{"embeddable":true,"href":"https:\/\/vossgass.no\/en\/wp-json\/wp\/v2\/media\/16549"}],"wp:attachment":[{"href":"https:\/\/vossgass.no\/en\/wp-json\/wp\/v2\/media?parent=15109"}],"wp:term":[{"taxonomy":"product_brand","embeddable":true,"href":"https:\/\/vossgass.no\/en\/wp-json\/wp\/v2\/product_brand?post=15109"},{"taxonomy":"product_cat","embeddable":true,"href":"https:\/\/vossgass.no\/en\/wp-json\/wp\/v2\/product_cat?post=15109"},{"taxonomy":"product_tag","embeddable":true,"href":"https:\/\/vossgass.no\/en\/wp-json\/wp\/v2\/product_tag?post=15109"}],"curies":[{"name":"wp","href":"https:\/\/api.w.org\/{rel}","templated":true}]}}