{"id":15107,"date":"2025-04-15T16:21:27","date_gmt":"2025-04-15T14:21:27","guid":{"rendered":"https:\/\/vossgass.no\/produkt\/vindvifte-o110mm\/"},"modified":"2026-03-30T09:42:26","modified_gmt":"2026-03-30T07:42:26","slug":"vindvifte-o110mm","status":"publish","type":"product","link":"https:\/\/vossgass.no\/en\/product\/vindvifte-o110mm\/","title":{"rendered":"Vindvifte \u00d8110mm"},"content":{"rendered":"","protected":false},"excerpt":{"rendered":"<p>Norskprodusert \u00d8110mm vindvifte av h\u00f8y kvalitet som er laget med tanke p\u00e5 norske v\u00e6rforhold.<br \/>\nHindrer nedslag og s\u00f8rger for god lufting i toalettrommet.<br \/>\nMonteres p\u00e5 toppen av takgjennomf\u00f8ringsr\u00f8ret og fungerer helt uten str\u00f8m.<\/p>\n<p>Diameter\t110 mm<\/p>","protected":false},"featured_media":16547,"comment_status":"open","ping_status":"closed","template":"","meta":[],"product_brand":[],"product_cat":[260,498],"product_tag":[],"class_list":{"0":"post-15107","1":"product","2":"type-product","3":"status-publish","4":"has-post-thumbnail","6":"product_cat-hytte-camping-fritid","7":"product_cat-toalett-vann-avlop","9":"first","10":"outofstock","11":"taxable","12":"shipping-taxable","13":"purchasable","14":"product-type-simple"},"_links":{"self":[{"href":"https:\/\/vossgass.no\/en\/wp-json\/wp\/v2\/product\/15107","targetHints":{"allow":["GET"]}}],"collection":[{"href":"https:\/\/vossgass.no\/en\/wp-json\/wp\/v2\/product"}],"about":[{"href":"https:\/\/vossgass.no\/en\/wp-json\/wp\/v2\/types\/product"}],"replies":[{"embeddable":true,"href":"https:\/\/vossgass.no\/en\/wp-json\/wp\/v2\/comments?post=15107"}],"wp:featuredmedia":[{"embeddable":true,"href":"https:\/\/vossgass.no\/en\/wp-json\/wp\/v2\/media\/16547"}],"wp:attachment":[{"href":"https:\/\/vossgass.no\/en\/wp-json\/wp\/v2\/media?parent=15107"}],"wp:term":[{"taxonomy":"product_brand","embeddable":true,"href":"https:\/\/vossgass.no\/en\/wp-json\/wp\/v2\/product_brand?post=15107"},{"taxonomy":"product_cat","embeddable":true,"href":"https:\/\/vossgass.no\/en\/wp-json\/wp\/v2\/product_cat?post=15107"},{"taxonomy":"product_tag","embeddable":true,"href":"https:\/\/vossgass.no\/en\/wp-json\/wp\/v2\/product_tag?post=15107"}],"curies":[{"name":"wp","href":"https:\/\/api.w.org\/{rel}","templated":true}]}}