{"id":15104,"date":"2025-04-15T16:21:04","date_gmt":"2025-04-15T14:21:04","guid":{"rendered":"https:\/\/vossgass.no\/produkt\/kanalvifte-12v-o110mm\/"},"modified":"2026-04-27T14:41:54","modified_gmt":"2026-04-27T12:41:54","slug":"kanalvifte-12v-o110mm","status":"publish","type":"product","link":"https:\/\/vossgass.no\/en\/product\/kanalvifte-12v-o110mm\/","title":{"rendered":"Kanalvifte 12V \u00d8110mm"},"content":{"rendered":"","protected":false},"excerpt":{"rendered":"<p>12V vifte for hytter med biodo og solcelleanlegg. Monteres i det fleksible \u00d8110mm avtrekksr\u00f8ret som leveres som standard med alle Vera biodoer. Eventuelt i overgangsstuss mellom toalett og lufter\u00f8r.<\/p>\n<p>Effekt: 5,4W, 0,45Ah. <\/p>\n<p>Spenning\t12V<br \/>\nEffekt\t5,4 watt<\/p>","protected":false},"featured_media":16544,"comment_status":"open","ping_status":"closed","template":"","meta":[],"product_brand":[],"product_cat":[260,498],"product_tag":[],"class_list":{"0":"post-15104","1":"product","2":"type-product","3":"status-publish","4":"has-post-thumbnail","6":"product_cat-hytte-camping-fritid","7":"product_cat-toalett-vann-avlop","9":"first","10":"instock","11":"taxable","12":"shipping-taxable","13":"purchasable","14":"product-type-simple"},"_links":{"self":[{"href":"https:\/\/vossgass.no\/en\/wp-json\/wp\/v2\/product\/15104","targetHints":{"allow":["GET"]}}],"collection":[{"href":"https:\/\/vossgass.no\/en\/wp-json\/wp\/v2\/product"}],"about":[{"href":"https:\/\/vossgass.no\/en\/wp-json\/wp\/v2\/types\/product"}],"replies":[{"embeddable":true,"href":"https:\/\/vossgass.no\/en\/wp-json\/wp\/v2\/comments?post=15104"}],"wp:featuredmedia":[{"embeddable":true,"href":"https:\/\/vossgass.no\/en\/wp-json\/wp\/v2\/media\/16544"}],"wp:attachment":[{"href":"https:\/\/vossgass.no\/en\/wp-json\/wp\/v2\/media?parent=15104"}],"wp:term":[{"taxonomy":"product_brand","embeddable":true,"href":"https:\/\/vossgass.no\/en\/wp-json\/wp\/v2\/product_brand?post=15104"},{"taxonomy":"product_cat","embeddable":true,"href":"https:\/\/vossgass.no\/en\/wp-json\/wp\/v2\/product_cat?post=15104"},{"taxonomy":"product_tag","embeddable":true,"href":"https:\/\/vossgass.no\/en\/wp-json\/wp\/v2\/product_tag?post=15104"}],"curies":[{"name":"wp","href":"https:\/\/api.w.org\/{rel}","templated":true}]}}