{"id":15103,"date":"2025-04-15T16:20:59","date_gmt":"2025-04-15T14:20:59","guid":{"rendered":"https:\/\/vossgass.no\/produkt\/kanalvifte-230v-o110mm\/"},"modified":"2026-04-08T13:51:19","modified_gmt":"2026-04-08T11:51:19","slug":"kanalvifte-230v-o110mm","status":"publish","type":"product","link":"https:\/\/vossgass.no\/en\/product\/kanalvifte-230v-o110mm\/","title":{"rendered":"Kanalvifte 230V \u00d8110mm"},"content":{"rendered":"","protected":false},"excerpt":{"rendered":"<p>For \u00e5 sikre god avtrekk benyttes vifte som plasseres i det fleksible lufter\u00f8ret.<br \/>\nDenne vifta inng\u00e5r som standard produkt i alle<br \/>\nVera biologiske toaletter m\/str\u00f8m.<\/p>\n<p>Spenning\t230V<br \/>\nEffekt\t15 watt<\/p>","protected":false},"featured_media":16543,"comment_status":"open","ping_status":"closed","template":"","meta":[],"product_brand":[],"product_cat":[260,498],"product_tag":[],"class_list":{"0":"post-15103","1":"product","2":"type-product","3":"status-publish","4":"has-post-thumbnail","6":"product_cat-hytte-camping-fritid","7":"product_cat-toalett-vann-avlop","9":"first","10":"outofstock","11":"taxable","12":"shipping-taxable","13":"purchasable","14":"product-type-simple"},"_links":{"self":[{"href":"https:\/\/vossgass.no\/en\/wp-json\/wp\/v2\/product\/15103","targetHints":{"allow":["GET"]}}],"collection":[{"href":"https:\/\/vossgass.no\/en\/wp-json\/wp\/v2\/product"}],"about":[{"href":"https:\/\/vossgass.no\/en\/wp-json\/wp\/v2\/types\/product"}],"replies":[{"embeddable":true,"href":"https:\/\/vossgass.no\/en\/wp-json\/wp\/v2\/comments?post=15103"}],"wp:featuredmedia":[{"embeddable":true,"href":"https:\/\/vossgass.no\/en\/wp-json\/wp\/v2\/media\/16543"}],"wp:attachment":[{"href":"https:\/\/vossgass.no\/en\/wp-json\/wp\/v2\/media?parent=15103"}],"wp:term":[{"taxonomy":"product_brand","embeddable":true,"href":"https:\/\/vossgass.no\/en\/wp-json\/wp\/v2\/product_brand?post=15103"},{"taxonomy":"product_cat","embeddable":true,"href":"https:\/\/vossgass.no\/en\/wp-json\/wp\/v2\/product_cat?post=15103"},{"taxonomy":"product_tag","embeddable":true,"href":"https:\/\/vossgass.no\/en\/wp-json\/wp\/v2\/product_tag?post=15103"}],"curies":[{"name":"wp","href":"https:\/\/api.w.org\/{rel}","templated":true}]}}