{"id":15089,"date":"2025-04-15T16:18:24","date_gmt":"2025-04-15T14:18:24","guid":{"rendered":"https:\/\/vossgass.no\/produkt\/borstesett-for-gasskjoleskap-lengde\/"},"modified":"2025-09-23T11:32:56","modified_gmt":"2025-09-23T09:32:56","slug":"borstesett-for-gasskjoleskap-lengde","status":"publish","type":"product","link":"https:\/\/vossgass.no\/en\/product\/borstesett-for-gasskjoleskap-lengde\/","title":{"rendered":"B\u00f8rstesett for Gasskj\u00f8leskap lengde"},"content":{"rendered":"","protected":false},"excerpt":{"rendered":"<p>Rengj\u00f8ringssett for enkel rengj\u00f8ring av avgassr\u00f8r p\u00e5 gasskj\u00f8leskap.<\/p>\n<p>H\u00f8yde (cm): 100<br \/>\nDybde (cm): 4,3<br \/>\nBredde (cm): 4,3<br \/>\nVekt (kg): 0,05<\/p>","protected":false},"featured_media":16529,"comment_status":"open","ping_status":"closed","template":"","meta":[],"product_brand":[],"product_cat":[260,292],"product_tag":[],"class_list":{"0":"post-15089","1":"product","2":"type-product","3":"status-publish","4":"has-post-thumbnail","6":"product_cat-hytte-camping-fritid","7":"product_cat-kjokken-gass","9":"first","10":"instock","11":"taxable","12":"shipping-taxable","13":"purchasable","14":"product-type-simple"},"_links":{"self":[{"href":"https:\/\/vossgass.no\/en\/wp-json\/wp\/v2\/product\/15089","targetHints":{"allow":["GET"]}}],"collection":[{"href":"https:\/\/vossgass.no\/en\/wp-json\/wp\/v2\/product"}],"about":[{"href":"https:\/\/vossgass.no\/en\/wp-json\/wp\/v2\/types\/product"}],"replies":[{"embeddable":true,"href":"https:\/\/vossgass.no\/en\/wp-json\/wp\/v2\/comments?post=15089"}],"wp:featuredmedia":[{"embeddable":true,"href":"https:\/\/vossgass.no\/en\/wp-json\/wp\/v2\/media\/16529"}],"wp:attachment":[{"href":"https:\/\/vossgass.no\/en\/wp-json\/wp\/v2\/media?parent=15089"}],"wp:term":[{"taxonomy":"product_brand","embeddable":true,"href":"https:\/\/vossgass.no\/en\/wp-json\/wp\/v2\/product_brand?post=15089"},{"taxonomy":"product_cat","embeddable":true,"href":"https:\/\/vossgass.no\/en\/wp-json\/wp\/v2\/product_cat?post=15089"},{"taxonomy":"product_tag","embeddable":true,"href":"https:\/\/vossgass.no\/en\/wp-json\/wp\/v2\/product_tag?post=15089"}],"curies":[{"name":"wp","href":"https:\/\/api.w.org\/{rel}","templated":true}]}}