{"id":15088,"date":"2025-04-15T16:18:13","date_gmt":"2025-04-15T14:18:13","guid":{"rendered":"https:\/\/vossgass.no\/produkt\/veggbrakett-til-miniflame-v16\/"},"modified":"2025-09-29T11:20:39","modified_gmt":"2025-09-29T09:20:39","slug":"veggbrakett-til-miniflame-v16","status":"publish","type":"product","link":"https:\/\/vossgass.no\/en\/product\/veggbrakett-til-miniflame-v16\/","title":{"rendered":"Veggbrakett til Miniflame V16"},"content":{"rendered":"","protected":false},"excerpt":{"rendered":"<p>Veggbrakett til Miniflame V16 er n\u00f8dvendig tilleggsutstyr for deg som \u00f8nsker \u00e5 montere gassovn Miniflame V16 p\u00e5 vegg.<br \/>\nVed veggmontering m\u00e5 gassflasken st\u00e5 i n\u00e6rheten av gassovnen dersom du ikke har innlagt r\u00f8ropplegg p\u00e5 hytta.<\/p>","protected":false},"featured_media":16528,"comment_status":"open","ping_status":"closed","template":"","meta":[],"product_brand":[],"product_cat":[626,260,262],"product_tag":[],"class_list":{"0":"post-15088","1":"product","2":"type-product","3":"status-publish","4":"has-post-thumbnail","6":"product_cat-gassovner","7":"product_cat-hytte-camping-fritid","8":"product_cat-oppvarming-hytte-camping-fritid-2","10":"first","11":"instock","12":"taxable","13":"shipping-taxable","14":"purchasable","15":"product-type-simple"},"_links":{"self":[{"href":"https:\/\/vossgass.no\/en\/wp-json\/wp\/v2\/product\/15088","targetHints":{"allow":["GET"]}}],"collection":[{"href":"https:\/\/vossgass.no\/en\/wp-json\/wp\/v2\/product"}],"about":[{"href":"https:\/\/vossgass.no\/en\/wp-json\/wp\/v2\/types\/product"}],"replies":[{"embeddable":true,"href":"https:\/\/vossgass.no\/en\/wp-json\/wp\/v2\/comments?post=15088"}],"wp:featuredmedia":[{"embeddable":true,"href":"https:\/\/vossgass.no\/en\/wp-json\/wp\/v2\/media\/16528"}],"wp:attachment":[{"href":"https:\/\/vossgass.no\/en\/wp-json\/wp\/v2\/media?parent=15088"}],"wp:term":[{"taxonomy":"product_brand","embeddable":true,"href":"https:\/\/vossgass.no\/en\/wp-json\/wp\/v2\/product_brand?post=15088"},{"taxonomy":"product_cat","embeddable":true,"href":"https:\/\/vossgass.no\/en\/wp-json\/wp\/v2\/product_cat?post=15088"},{"taxonomy":"product_tag","embeddable":true,"href":"https:\/\/vossgass.no\/en\/wp-json\/wp\/v2\/product_tag?post=15088"}],"curies":[{"name":"wp","href":"https:\/\/api.w.org\/{rel}","templated":true}]}}