{"id":15087,"date":"2025-04-15T16:18:01","date_gmt":"2025-04-15T14:18:01","guid":{"rendered":"https:\/\/vossgass.no\/produkt\/ventilasjonsrist-kjoleskap-rustfritt-stal\/"},"modified":"2025-10-08T16:10:18","modified_gmt":"2025-10-08T14:10:18","slug":"ventilasjonsrist-kjoleskap-rustfritt-stal","status":"publish","type":"product","link":"https:\/\/vossgass.no\/en\/product\/ventilasjonsrist-kjoleskap-rustfritt-stal\/","title":{"rendered":"Ventilasjonsrist Kj\u00f8leskap &#8211; rustfritt st\u00e5l"},"content":{"rendered":"","protected":false},"excerpt":{"rendered":"<p>Ved montering av kj\u00f8leskap under benk, b\u00f8r denne risten monteres i benkeplaten for lufting av varme fra skapets bakside.<\/p>\n<p>M\u00e5l, riller: 46 x 5 cm<br \/>\nM\u00e5l, utsparring: 46 x 6,5 cm<\/p>\n<p>H\u00f8yde (cm): 0,9<br \/>\nDybde (cm): 6,5<br \/>\nBredde (cm): 50<br \/>\nVekt (kg): 0,15<br \/>\nFarge: Rustfri<\/p>","protected":false},"featured_media":16527,"comment_status":"open","ping_status":"closed","template":"","meta":[],"product_brand":[],"product_cat":[260,292],"product_tag":[],"class_list":{"0":"post-15087","1":"product","2":"type-product","3":"status-publish","4":"has-post-thumbnail","6":"product_cat-hytte-camping-fritid","7":"product_cat-kjokken-gass","9":"first","10":"instock","11":"taxable","12":"shipping-taxable","13":"purchasable","14":"product-type-simple"},"_links":{"self":[{"href":"https:\/\/vossgass.no\/en\/wp-json\/wp\/v2\/product\/15087","targetHints":{"allow":["GET"]}}],"collection":[{"href":"https:\/\/vossgass.no\/en\/wp-json\/wp\/v2\/product"}],"about":[{"href":"https:\/\/vossgass.no\/en\/wp-json\/wp\/v2\/types\/product"}],"replies":[{"embeddable":true,"href":"https:\/\/vossgass.no\/en\/wp-json\/wp\/v2\/comments?post=15087"}],"wp:featuredmedia":[{"embeddable":true,"href":"https:\/\/vossgass.no\/en\/wp-json\/wp\/v2\/media\/16527"}],"wp:attachment":[{"href":"https:\/\/vossgass.no\/en\/wp-json\/wp\/v2\/media?parent=15087"}],"wp:term":[{"taxonomy":"product_brand","embeddable":true,"href":"https:\/\/vossgass.no\/en\/wp-json\/wp\/v2\/product_brand?post=15087"},{"taxonomy":"product_cat","embeddable":true,"href":"https:\/\/vossgass.no\/en\/wp-json\/wp\/v2\/product_cat?post=15087"},{"taxonomy":"product_tag","embeddable":true,"href":"https:\/\/vossgass.no\/en\/wp-json\/wp\/v2\/product_tag?post=15087"}],"curies":[{"name":"wp","href":"https:\/\/api.w.org\/{rel}","templated":true}]}}