{"id":15061,"date":"2025-04-15T16:13:31","date_gmt":"2025-04-15T14:13:31","guid":{"rendered":"https:\/\/vossgass.no\/produkt\/regulator-4-kg-t-pol-3-8-innvendige-gjenger\/"},"modified":"2025-09-23T16:39:09","modified_gmt":"2025-09-23T14:39:09","slug":"regulator-4-kg-t-pol-3-8-innvendige-gjenger","status":"publish","type":"product","link":"https:\/\/vossgass.no\/en\/product\/regulator-4-kg-t-pol-3-8-innvendige-gjenger\/","title":{"rendered":"Regulator 4 kg\/t POL 3\/8&#8243; innvendige gjenger"},"content":{"rendered":"","protected":false},"excerpt":{"rendered":"<p>NY modell med 3\/8&#8243; gjenger<\/p>\n<p>Regulator 30mbar med h\u00f8y kapasitet. Brukes ofte der uttak av gass er h\u00f8yt (kj\u00f8leskap, komfyrer osv).<br \/>\nTilkobling inn: POL med gumminese<br \/>\nTilkobling ut: 3\/8&#8243; innvendig gjenger<br \/>\nKapasitet: 4 kg\/t<\/p>","protected":false},"featured_media":16502,"comment_status":"open","ping_status":"closed","template":"","meta":[],"product_brand":[],"product_cat":[318,454,452],"product_tag":[],"class_list":{"0":"post-15061","1":"product","2":"type-product","3":"status-publish","4":"has-post-thumbnail","6":"product_cat-gass-og-gassutstyr","7":"product_cat-lavtrykk-regulatorer-overganger","8":"product_cat-regulatorer-overganger","10":"first","11":"instock","12":"taxable","13":"shipping-taxable","14":"purchasable","15":"product-type-simple"},"_links":{"self":[{"href":"https:\/\/vossgass.no\/en\/wp-json\/wp\/v2\/product\/15061","targetHints":{"allow":["GET"]}}],"collection":[{"href":"https:\/\/vossgass.no\/en\/wp-json\/wp\/v2\/product"}],"about":[{"href":"https:\/\/vossgass.no\/en\/wp-json\/wp\/v2\/types\/product"}],"replies":[{"embeddable":true,"href":"https:\/\/vossgass.no\/en\/wp-json\/wp\/v2\/comments?post=15061"}],"wp:featuredmedia":[{"embeddable":true,"href":"https:\/\/vossgass.no\/en\/wp-json\/wp\/v2\/media\/16502"}],"wp:attachment":[{"href":"https:\/\/vossgass.no\/en\/wp-json\/wp\/v2\/media?parent=15061"}],"wp:term":[{"taxonomy":"product_brand","embeddable":true,"href":"https:\/\/vossgass.no\/en\/wp-json\/wp\/v2\/product_brand?post=15061"},{"taxonomy":"product_cat","embeddable":true,"href":"https:\/\/vossgass.no\/en\/wp-json\/wp\/v2\/product_cat?post=15061"},{"taxonomy":"product_tag","embeddable":true,"href":"https:\/\/vossgass.no\/en\/wp-json\/wp\/v2\/product_tag?post=15061"}],"curies":[{"name":"wp","href":"https:\/\/api.w.org\/{rel}","templated":true}]}}