{"id":15048,"date":"2025-04-15T16:11:13","date_gmt":"2025-04-15T14:11:13","guid":{"rendered":"https:\/\/vossgass.no\/produkt\/filterpose-200l-gravann\/"},"modified":"2025-09-23T11:28:19","modified_gmt":"2025-09-23T09:28:19","slug":"filterpose-200l-gravann","status":"publish","type":"product","link":"https:\/\/vossgass.no\/en\/product\/filterpose-200l-gravann\/","title":{"rendered":"Filterpose 200L Gr\u00e5vann"},"content":{"rendered":"","protected":false},"excerpt":{"rendered":"<p>Filterpose til Vera Compact F1 samt til Slamfilter. Posen holder tilbake slam\/fett og m\u00e5 etter en tids bruk skiftes ut. Varigheten avhenger av belastning og vannforbruk, men en gjennomsnittshytte kan regne med 30 bruksd\u00f8gn mellom hver gang posen m\u00e5 skiftes. Ved bruk av vaskemaskin-\/oppvaskmaskin anbefaler vi bruk av en s\u00e5pe som ikke inneholder kjemiske stoffer som p\u00e5virker fettmolekylene. Posen kan spyles og gjenbrukes om \u00f8nskelig.<\/p>","protected":false},"featured_media":16489,"comment_status":"open","ping_status":"closed","template":"","meta":[],"product_brand":[],"product_cat":[260,498],"product_tag":[],"class_list":{"0":"post-15048","1":"product","2":"type-product","3":"status-publish","4":"has-post-thumbnail","6":"product_cat-hytte-camping-fritid","7":"product_cat-toalett-vann-avlop","9":"first","10":"instock","11":"taxable","12":"shipping-taxable","13":"purchasable","14":"product-type-simple"},"_links":{"self":[{"href":"https:\/\/vossgass.no\/en\/wp-json\/wp\/v2\/product\/15048","targetHints":{"allow":["GET"]}}],"collection":[{"href":"https:\/\/vossgass.no\/en\/wp-json\/wp\/v2\/product"}],"about":[{"href":"https:\/\/vossgass.no\/en\/wp-json\/wp\/v2\/types\/product"}],"replies":[{"embeddable":true,"href":"https:\/\/vossgass.no\/en\/wp-json\/wp\/v2\/comments?post=15048"}],"wp:featuredmedia":[{"embeddable":true,"href":"https:\/\/vossgass.no\/en\/wp-json\/wp\/v2\/media\/16489"}],"wp:attachment":[{"href":"https:\/\/vossgass.no\/en\/wp-json\/wp\/v2\/media?parent=15048"}],"wp:term":[{"taxonomy":"product_brand","embeddable":true,"href":"https:\/\/vossgass.no\/en\/wp-json\/wp\/v2\/product_brand?post=15048"},{"taxonomy":"product_cat","embeddable":true,"href":"https:\/\/vossgass.no\/en\/wp-json\/wp\/v2\/product_cat?post=15048"},{"taxonomy":"product_tag","embeddable":true,"href":"https:\/\/vossgass.no\/en\/wp-json\/wp\/v2\/product_tag?post=15048"}],"curies":[{"name":"wp","href":"https:\/\/api.w.org\/{rel}","templated":true}]}}