{"id":15046,"date":"2025-04-15T16:10:44","date_gmt":"2025-04-15T14:10:44","guid":{"rendered":"https:\/\/vossgass.no\/produkt\/slangesokkel-fra-e400-utvendig-63mm-sokkel\/"},"modified":"2025-10-17T12:41:42","modified_gmt":"2025-10-17T10:41:42","slug":"slangesokkel-fra-e400-utvendig-63mm-sokkel","status":"publish","type":"product","link":"https:\/\/vossgass.no\/en\/product\/slangesokkel-fra-e400-utvendig-63mm-sokkel\/","title":{"rendered":"Slangesokkel fra E400 utvendig &#8211; 6,3mm sokkel"},"content":{"rendered":"","protected":false},"excerpt":{"rendered":"<p>Slangesokkel fra 1&#8243;x20UNEF til 6,3mm sokkel<\/p>\n<p>Kan brukes p\u00e5 E400 brennere og gj\u00f8r s\u00e5 man kan koble til og bruke en st\u00f8rre flaske ved hjelp av slange.<\/p>","protected":false},"featured_media":16487,"comment_status":"open","ping_status":"closed","template":"","meta":[],"product_brand":[],"product_cat":[318,452],"product_tag":[],"class_list":{"0":"post-15046","1":"product","2":"type-product","3":"status-publish","4":"has-post-thumbnail","6":"product_cat-gass-og-gassutstyr","7":"product_cat-regulatorer-overganger","9":"first","10":"instock","11":"taxable","12":"shipping-taxable","13":"purchasable","14":"product-type-simple"},"_links":{"self":[{"href":"https:\/\/vossgass.no\/en\/wp-json\/wp\/v2\/product\/15046","targetHints":{"allow":["GET"]}}],"collection":[{"href":"https:\/\/vossgass.no\/en\/wp-json\/wp\/v2\/product"}],"about":[{"href":"https:\/\/vossgass.no\/en\/wp-json\/wp\/v2\/types\/product"}],"replies":[{"embeddable":true,"href":"https:\/\/vossgass.no\/en\/wp-json\/wp\/v2\/comments?post=15046"}],"wp:featuredmedia":[{"embeddable":true,"href":"https:\/\/vossgass.no\/en\/wp-json\/wp\/v2\/media\/16487"}],"wp:attachment":[{"href":"https:\/\/vossgass.no\/en\/wp-json\/wp\/v2\/media?parent=15046"}],"wp:term":[{"taxonomy":"product_brand","embeddable":true,"href":"https:\/\/vossgass.no\/en\/wp-json\/wp\/v2\/product_brand?post=15046"},{"taxonomy":"product_cat","embeddable":true,"href":"https:\/\/vossgass.no\/en\/wp-json\/wp\/v2\/product_cat?post=15046"},{"taxonomy":"product_tag","embeddable":true,"href":"https:\/\/vossgass.no\/en\/wp-json\/wp\/v2\/product_tag?post=15046"}],"curies":[{"name":"wp","href":"https:\/\/api.w.org\/{rel}","templated":true}]}}