{"id":15032,"date":"2025-04-15T16:07:56","date_gmt":"2025-04-15T14:07:56","guid":{"rendered":"https:\/\/vossgass.no\/produkt\/cadac-safari-chef-2-lp-grill-flaske-og-evt-boks\/"},"modified":"2025-11-28T13:20:26","modified_gmt":"2025-11-28T12:20:26","slug":"cadac-safari-chef-2-lp-grill-flaske-og-evt-boks","status":"publish","type":"product","link":"https:\/\/vossgass.no\/en\/product\/cadac-safari-chef-2-lp-grill-flaske-og-evt-boks\/","title":{"rendered":"Safari Chef 30 LP grill (flaske og evt boks)"},"content":{"rendered":"","protected":false},"excerpt":{"rendered":"<p>Safari Chef 30 LP har en elegant og moderne design som \u00f8ker bekvemmeligheten og med sitt kompakte format er den enkel \u00e5 ta med seg. Den integrerte brenneren har en innebygd piezo-tenning som garanterer p\u00e5litelig ytelse under alle v\u00e6rforhold. Grillen har fire forskjellige kokeoverflater: en grillrist, en flat grillplate, et grytestativ og en kuppel\/gryte. Med grillens ulike tilberednings-muligheter kan du tilberede en rekke retter. Cadac Safari Chef 30 LP passer til alle hvor som helst \u2013 fra campingplassen til balkongen. Safari Chef 30 LP er beregnet for tilkobling til gassflaske.<\/p>\n<p>Leveringen inkluderer: flat stekepanne, BBQ grill, grytestativ, kuppel\/gryte og oppbevaringspose.<\/p>\n<p>Merke: Cadac<br \/>\nStr\u00f6mtillf\u00f6rsel: Gasol 30 mbar<br \/>\nBredde: 320 mm<br \/>\nH\u00f8yde: 390 mm<br \/>\nDybde: 320 mm<br \/>\nEffekt: 1,8 kW<br \/>\nGenomsnittlig gasolf\u00f6rbrukning: 130 g\/tim<br \/>\nGrillyta: 28 cm<br \/>\nVekt: 3,6 kg<\/p>","protected":false},"featured_media":18357,"comment_status":"open","ping_status":"closed","template":"","meta":[],"product_brand":[],"product_cat":[260,292],"product_tag":[],"class_list":{"0":"post-15032","1":"product","2":"type-product","3":"status-publish","4":"has-post-thumbnail","6":"product_cat-hytte-camping-fritid","7":"product_cat-kjokken-gass","9":"first","10":"instock","11":"taxable","12":"shipping-taxable","13":"purchasable","14":"product-type-simple"},"_links":{"self":[{"href":"https:\/\/vossgass.no\/en\/wp-json\/wp\/v2\/product\/15032","targetHints":{"allow":["GET"]}}],"collection":[{"href":"https:\/\/vossgass.no\/en\/wp-json\/wp\/v2\/product"}],"about":[{"href":"https:\/\/vossgass.no\/en\/wp-json\/wp\/v2\/types\/product"}],"replies":[{"embeddable":true,"href":"https:\/\/vossgass.no\/en\/wp-json\/wp\/v2\/comments?post=15032"}],"wp:featuredmedia":[{"embeddable":true,"href":"https:\/\/vossgass.no\/en\/wp-json\/wp\/v2\/media\/18357"}],"wp:attachment":[{"href":"https:\/\/vossgass.no\/en\/wp-json\/wp\/v2\/media?parent=15032"}],"wp:term":[{"taxonomy":"product_brand","embeddable":true,"href":"https:\/\/vossgass.no\/en\/wp-json\/wp\/v2\/product_brand?post=15032"},{"taxonomy":"product_cat","embeddable":true,"href":"https:\/\/vossgass.no\/en\/wp-json\/wp\/v2\/product_cat?post=15032"},{"taxonomy":"product_tag","embeddable":true,"href":"https:\/\/vossgass.no\/en\/wp-json\/wp\/v2\/product_tag?post=15032"}],"curies":[{"name":"wp","href":"https:\/\/api.w.org\/{rel}","templated":true}]}}