{"id":15031,"date":"2025-04-15T16:07:44","date_gmt":"2025-04-15T14:07:44","guid":{"rendered":"https:\/\/vossgass.no\/produkt\/cadac-safari-chef-2-hp-grill-boks\/"},"modified":"2025-09-23T11:26:16","modified_gmt":"2025-09-23T09:26:16","slug":"cadac-safari-chef-2-hp-grill-boks","status":"publish","type":"product","link":"https:\/\/vossgass.no\/en\/product\/cadac-safari-chef-2-hp-grill-boks\/","title":{"rendered":"Cadac Safari Chef 2 HP Grill (boks)"},"content":{"rendered":"","protected":false},"excerpt":{"rendered":"<p>Gassgrill &#8211; perfekt for camping eller b\u00e5tliv da den tar lite plass og transporteres i den medf\u00f8lgende vesken. Grillen finns i to ulike utf\u00f8relser. Den ene har en tilkoblingsnippel for gasslange og den andre er beregnet for engangsflaske. Med grillen medf\u00f8lger flere ulike grilltilbeh\u00f8r: Grillrist \u00d829 cm, vendbar teflonbelagt grillplate, (riflet\/slett) og lokk. Lokket kan dessuten benyttes som wok-panne.<\/p>\n<p>Merke: Cadac<br \/>\nStr\u00f6mtillf\u00f6rsel: Gasol-eng\u00e5ngsflaska<br \/>\nBredde: 320 mm<br \/>\nH\u00f8yde: 390 mm<br \/>\nDybde: 320 mm<br \/>\nEffekt: 1,8 kW<br \/>\nGenomsnittlig gasolf\u00f6rbrukning: 130 g\/tim<br \/>\nGrillyta: 28 cm<br \/>\nVekt: 3,6 kg<\/p>","protected":false},"featured_media":16472,"comment_status":"open","ping_status":"closed","template":"","meta":[],"product_brand":[],"product_cat":[260,292],"product_tag":[],"class_list":{"0":"post-15031","1":"product","2":"type-product","3":"status-publish","4":"has-post-thumbnail","6":"product_cat-hytte-camping-fritid","7":"product_cat-kjokken-gass","9":"first","10":"instock","11":"taxable","12":"shipping-taxable","13":"purchasable","14":"product-type-simple"},"_links":{"self":[{"href":"https:\/\/vossgass.no\/en\/wp-json\/wp\/v2\/product\/15031","targetHints":{"allow":["GET"]}}],"collection":[{"href":"https:\/\/vossgass.no\/en\/wp-json\/wp\/v2\/product"}],"about":[{"href":"https:\/\/vossgass.no\/en\/wp-json\/wp\/v2\/types\/product"}],"replies":[{"embeddable":true,"href":"https:\/\/vossgass.no\/en\/wp-json\/wp\/v2\/comments?post=15031"}],"wp:featuredmedia":[{"embeddable":true,"href":"https:\/\/vossgass.no\/en\/wp-json\/wp\/v2\/media\/16472"}],"wp:attachment":[{"href":"https:\/\/vossgass.no\/en\/wp-json\/wp\/v2\/media?parent=15031"}],"wp:term":[{"taxonomy":"product_brand","embeddable":true,"href":"https:\/\/vossgass.no\/en\/wp-json\/wp\/v2\/product_brand?post=15031"},{"taxonomy":"product_cat","embeddable":true,"href":"https:\/\/vossgass.no\/en\/wp-json\/wp\/v2\/product_cat?post=15031"},{"taxonomy":"product_tag","embeddable":true,"href":"https:\/\/vossgass.no\/en\/wp-json\/wp\/v2\/product_tag?post=15031"}],"curies":[{"name":"wp","href":"https:\/\/api.w.org\/{rel}","templated":true}]}}