{"id":15022,"date":"2025-04-15T16:06:01","date_gmt":"2025-04-15T14:06:01","guid":{"rendered":"https:\/\/vossgass.no\/produkt\/unipak-glidex-silikonspray\/"},"modified":"2025-09-23T11:25:11","modified_gmt":"2025-09-23T09:25:11","slug":"unipak-glidex-silikonspray","status":"publish","type":"product","link":"https:\/\/vossgass.no\/en\/product\/unipak-glidex-silikonspray\/","title":{"rendered":"Unipak Glidex Silikonspray"},"content":{"rendered":"","protected":false},"excerpt":{"rendered":"<p>Unipak Glidex Silikonspray er meget egnet som sm\u00f8remiddel ved montering av plasthylser, gummib\u00e5nd og tetninger, ved \u00e5 trekke installasjonskablene i r\u00f8r og som fuktisolering av bevegelige deler. Forhindrer aldring av gummi. <\/p>\n<p>Unipak Glidex Silikonspray er ogs\u00e5 et effektivt og hurtigvirkende sm\u00f8remiddel for tette l\u00e5ser, hengsler, beslag, verkt\u00f8y, etc. Pr\u00f8v for eksempel \u00e5 spraye sagbladet (p\u00e5 en  h\u00e5ndsag) med et lag med GLIDEX spray!<\/p>\n<p>400ml<\/p>","protected":false},"featured_media":16463,"comment_status":"open","ping_status":"closed","template":"","meta":[],"product_brand":[],"product_cat":[260,498],"product_tag":[],"class_list":{"0":"post-15022","1":"product","2":"type-product","3":"status-publish","4":"has-post-thumbnail","6":"product_cat-hytte-camping-fritid","7":"product_cat-toalett-vann-avlop","9":"first","10":"instock","11":"taxable","12":"shipping-taxable","13":"purchasable","14":"product-type-simple"},"_links":{"self":[{"href":"https:\/\/vossgass.no\/en\/wp-json\/wp\/v2\/product\/15022","targetHints":{"allow":["GET"]}}],"collection":[{"href":"https:\/\/vossgass.no\/en\/wp-json\/wp\/v2\/product"}],"about":[{"href":"https:\/\/vossgass.no\/en\/wp-json\/wp\/v2\/types\/product"}],"replies":[{"embeddable":true,"href":"https:\/\/vossgass.no\/en\/wp-json\/wp\/v2\/comments?post=15022"}],"wp:featuredmedia":[{"embeddable":true,"href":"https:\/\/vossgass.no\/en\/wp-json\/wp\/v2\/media\/16463"}],"wp:attachment":[{"href":"https:\/\/vossgass.no\/en\/wp-json\/wp\/v2\/media?parent=15022"}],"wp:term":[{"taxonomy":"product_brand","embeddable":true,"href":"https:\/\/vossgass.no\/en\/wp-json\/wp\/v2\/product_brand?post=15022"},{"taxonomy":"product_cat","embeddable":true,"href":"https:\/\/vossgass.no\/en\/wp-json\/wp\/v2\/product_cat?post=15022"},{"taxonomy":"product_tag","embeddable":true,"href":"https:\/\/vossgass.no\/en\/wp-json\/wp\/v2\/product_tag?post=15022"}],"curies":[{"name":"wp","href":"https:\/\/api.w.org\/{rel}","templated":true}]}}