{"id":15016,"date":"2025-04-15T16:04:50","date_gmt":"2025-04-15T14:04:50","guid":{"rendered":"https:\/\/vossgass.no\/produkt\/overgang-for-handtak-3-8-45-roterende\/"},"modified":"2025-12-04T14:06:41","modified_gmt":"2025-12-04T13:06:41","slug":"overgang-for-handtak-3-8-45-roterende","status":"publish","type":"product","link":"https:\/\/vossgass.no\/en\/product\/overgang-for-handtak-3-8-45-roterende\/","title":{"rendered":"Overgang for h\u00e5ndtak 3\/8&#8243; 45\u00b0 Roterende"},"content":{"rendered":"","protected":false},"excerpt":{"rendered":"<p>Overgang for h\u00e5ndtak 3\/8&#8243; 45\u00b0 Roterende<\/p>\n<p>Unng\u00e5 \u00e5 vri gasslangen. <\/p>\n<p>Dreiebenet er montert p\u00e5 tilgangen til brennerh\u00e5ndtaket, slik at h\u00e5ndtaket og slangen kan rotere uavhengig av hverandre.<\/p>\n<p>45\u00ba vinkel<br \/>\n3\/8&#8243; V i begge ender<\/p>","protected":false},"featured_media":16457,"comment_status":"open","ping_status":"closed","template":"","meta":[],"product_brand":[],"product_cat":[318,476],"product_tag":[],"class_list":{"0":"post-15016","1":"product","2":"type-product","3":"status-publish","4":"has-post-thumbnail","6":"product_cat-gass-og-gassutstyr","7":"product_cat-handbrennere","9":"first","10":"instock","11":"taxable","12":"shipping-taxable","13":"purchasable","14":"product-type-simple"},"_links":{"self":[{"href":"https:\/\/vossgass.no\/en\/wp-json\/wp\/v2\/product\/15016","targetHints":{"allow":["GET"]}}],"collection":[{"href":"https:\/\/vossgass.no\/en\/wp-json\/wp\/v2\/product"}],"about":[{"href":"https:\/\/vossgass.no\/en\/wp-json\/wp\/v2\/types\/product"}],"replies":[{"embeddable":true,"href":"https:\/\/vossgass.no\/en\/wp-json\/wp\/v2\/comments?post=15016"}],"wp:featuredmedia":[{"embeddable":true,"href":"https:\/\/vossgass.no\/en\/wp-json\/wp\/v2\/media\/16457"}],"wp:attachment":[{"href":"https:\/\/vossgass.no\/en\/wp-json\/wp\/v2\/media?parent=15016"}],"wp:term":[{"taxonomy":"product_brand","embeddable":true,"href":"https:\/\/vossgass.no\/en\/wp-json\/wp\/v2\/product_brand?post=15016"},{"taxonomy":"product_cat","embeddable":true,"href":"https:\/\/vossgass.no\/en\/wp-json\/wp\/v2\/product_cat?post=15016"},{"taxonomy":"product_tag","embeddable":true,"href":"https:\/\/vossgass.no\/en\/wp-json\/wp\/v2\/product_tag?post=15016"}],"curies":[{"name":"wp","href":"https:\/\/api.w.org\/{rel}","templated":true}]}}