{"id":15013,"date":"2025-04-15T16:04:11","date_gmt":"2025-04-15T14:04:11","guid":{"rendered":"https:\/\/vossgass.no\/produkt\/flaskeskyller-med-pumpe\/"},"modified":"2025-12-12T12:57:32","modified_gmt":"2025-12-12T11:57:32","slug":"flaskeskyller-med-pumpe","status":"publish","type":"product","link":"https:\/\/vossgass.no\/en\/product\/flaskeskyller-med-pumpe\/","title":{"rendered":"Flaskeskyller med pumpe"},"content":{"rendered":"","protected":false},"excerpt":{"rendered":"<p>Genialt hjelpemiddel n\u00e5r du skal vaske og desinfisere flasker.<br \/>\nN\u00e5 i en ny, kraftigere og oppgradert versjon som kan rense ting som har en st\u00f8rre \u00e5pning enn en flasketut.<br \/>\nPasser n\u00e5 til growlere, testr\u00f8r, heverter og mer.<\/p>\n<p>Fyll med Craftsan blanding, eller annet desinfeksjonsmiddel og pump det rett opp i flaskene.<br \/>\nSett deretter flaskene p\u00e5 et flasketre for \u00e5 dryppt\u00f8rke flaskene f\u00f8r de fylles med \u00f8l, cider eller vin.<\/p>\n<p>Dette produktet kan monteres p\u00e5 toppen av flasketre til 45 flasker.<\/p>\n<p>OBS!<br \/>\nFlaskeskylleren er ikke egnet for lang tids oppbevaring av Craftsan eller andre syrebaserte desinfeksjonsmidler.<br \/>\nEtter man er ferdig med \u00e5 bruke flaskeskylleren b\u00f8r den demonteres slik at den innvendinge fj\u00e6ren ikke utsetter plastdelene for stress over tid.<br \/>\nAlle deler m\u00e5 skylles i rent vann og legges til t\u00f8rk. (Gjerne ta vare p\u00e5 esken den kom i slik at oppbevaring blir litt lettere).<\/p>","protected":false},"featured_media":16454,"comment_status":"open","ping_status":"closed","template":"","meta":[],"product_brand":[],"product_cat":[257,91],"product_tag":[],"class_list":{"0":"post-15013","1":"product","2":"type-product","3":"status-publish","4":"has-post-thumbnail","6":"product_cat-gjaering-heimabrygg","7":"product_cat-heimabrygg","9":"first","10":"outofstock","11":"taxable","12":"shipping-taxable","13":"purchasable","14":"product-type-simple"},"_links":{"self":[{"href":"https:\/\/vossgass.no\/en\/wp-json\/wp\/v2\/product\/15013","targetHints":{"allow":["GET"]}}],"collection":[{"href":"https:\/\/vossgass.no\/en\/wp-json\/wp\/v2\/product"}],"about":[{"href":"https:\/\/vossgass.no\/en\/wp-json\/wp\/v2\/types\/product"}],"replies":[{"embeddable":true,"href":"https:\/\/vossgass.no\/en\/wp-json\/wp\/v2\/comments?post=15013"}],"wp:featuredmedia":[{"embeddable":true,"href":"https:\/\/vossgass.no\/en\/wp-json\/wp\/v2\/media\/16454"}],"wp:attachment":[{"href":"https:\/\/vossgass.no\/en\/wp-json\/wp\/v2\/media?parent=15013"}],"wp:term":[{"taxonomy":"product_brand","embeddable":true,"href":"https:\/\/vossgass.no\/en\/wp-json\/wp\/v2\/product_brand?post=15013"},{"taxonomy":"product_cat","embeddable":true,"href":"https:\/\/vossgass.no\/en\/wp-json\/wp\/v2\/product_cat?post=15013"},{"taxonomy":"product_tag","embeddable":true,"href":"https:\/\/vossgass.no\/en\/wp-json\/wp\/v2\/product_tag?post=15013"}],"curies":[{"name":"wp","href":"https:\/\/api.w.org\/{rel}","templated":true}]}}