{"id":15011,"date":"2025-04-15T16:03:54","date_gmt":"2025-04-15T14:03:54","guid":{"rendered":"https:\/\/vossgass.no\/produkt\/flaskestativ-63-flasker-torkestativ-for-flasker\/"},"modified":"2025-09-23T11:24:04","modified_gmt":"2025-09-23T09:24:04","slug":"flaskestativ-63-flasker-torkestativ-for-flasker","status":"publish","type":"product","link":"https:\/\/vossgass.no\/en\/product\/flaskestativ-63-flasker-torkestativ-for-flasker\/","title":{"rendered":"Flaskestativ 63 flasker, t\u00f8rkestativ for flasker"},"content":{"rendered":"","protected":false},"excerpt":{"rendered":"<p>T\u00f8rkestativ for 63 flasker, for enkel avrenning av flasker etter rengj\u00f8ring \/ desinfisering.<br \/>\nDelene har gjenger og kan bygges i den h\u00f8yden man \u00f8nsker. Det f\u00f8lger med deler til kapasitet p\u00e5 63 flasker.<br \/>\nH\u00e5ndtak som kan festes p\u00e5 toppen er inkludert.<\/p>","protected":false},"featured_media":16452,"comment_status":"open","ping_status":"closed","template":"","meta":[],"product_brand":[],"product_cat":[256,91],"product_tag":[],"class_list":{"0":"post-15011","1":"product","2":"type-product","3":"status-publish","4":"has-post-thumbnail","6":"product_cat-bryggeutstyr-heimabrygg","7":"product_cat-heimabrygg","9":"first","10":"instock","11":"taxable","12":"shipping-taxable","13":"purchasable","14":"product-type-simple"},"_links":{"self":[{"href":"https:\/\/vossgass.no\/en\/wp-json\/wp\/v2\/product\/15011","targetHints":{"allow":["GET"]}}],"collection":[{"href":"https:\/\/vossgass.no\/en\/wp-json\/wp\/v2\/product"}],"about":[{"href":"https:\/\/vossgass.no\/en\/wp-json\/wp\/v2\/types\/product"}],"replies":[{"embeddable":true,"href":"https:\/\/vossgass.no\/en\/wp-json\/wp\/v2\/comments?post=15011"}],"wp:featuredmedia":[{"embeddable":true,"href":"https:\/\/vossgass.no\/en\/wp-json\/wp\/v2\/media\/16452"}],"wp:attachment":[{"href":"https:\/\/vossgass.no\/en\/wp-json\/wp\/v2\/media?parent=15011"}],"wp:term":[{"taxonomy":"product_brand","embeddable":true,"href":"https:\/\/vossgass.no\/en\/wp-json\/wp\/v2\/product_brand?post=15011"},{"taxonomy":"product_cat","embeddable":true,"href":"https:\/\/vossgass.no\/en\/wp-json\/wp\/v2\/product_cat?post=15011"},{"taxonomy":"product_tag","embeddable":true,"href":"https:\/\/vossgass.no\/en\/wp-json\/wp\/v2\/product_tag?post=15011"}],"curies":[{"name":"wp","href":"https:\/\/api.w.org\/{rel}","templated":true}]}}