{"id":15007,"date":"2025-04-15T16:03:16","date_gmt":"2025-04-15T14:03:16","guid":{"rendered":"https:\/\/vossgass.no\/produkt\/sotfjerner-1-kg\/"},"modified":"2025-10-06T16:13:37","modified_gmt":"2025-10-06T14:13:37","slug":"sotfjerner-1-kg","status":"publish","type":"product","link":"https:\/\/vossgass.no\/en\/product\/sotfjerner-1-kg\/","title":{"rendered":"Sotfjerner &#8211; 1 kg"},"content":{"rendered":"","protected":false},"excerpt":{"rendered":"<p>Renser pipa mens du fyrer! Pulverform, hiv inn en m\u00e5leskje n\u00e5r du fyrer i ovnen s\u00e5 f\u00e5r du renset pipa. Kan ogs\u00e5 benyttes til \u00e5 rense katalysatoren i forbrenningstoaletter.<\/p>","protected":false},"featured_media":16448,"comment_status":"open","ping_status":"closed","template":"","meta":[],"product_brand":[],"product_cat":[630,260],"product_tag":[],"class_list":{"0":"post-15007","1":"product","2":"type-product","3":"status-publish","4":"has-post-thumbnail","6":"product_cat-camping-bobilutsyr","7":"product_cat-hytte-camping-fritid","9":"first","10":"instock","11":"taxable","12":"shipping-taxable","13":"purchasable","14":"product-type-simple"},"_links":{"self":[{"href":"https:\/\/vossgass.no\/en\/wp-json\/wp\/v2\/product\/15007","targetHints":{"allow":["GET"]}}],"collection":[{"href":"https:\/\/vossgass.no\/en\/wp-json\/wp\/v2\/product"}],"about":[{"href":"https:\/\/vossgass.no\/en\/wp-json\/wp\/v2\/types\/product"}],"replies":[{"embeddable":true,"href":"https:\/\/vossgass.no\/en\/wp-json\/wp\/v2\/comments?post=15007"}],"wp:featuredmedia":[{"embeddable":true,"href":"https:\/\/vossgass.no\/en\/wp-json\/wp\/v2\/media\/16448"}],"wp:attachment":[{"href":"https:\/\/vossgass.no\/en\/wp-json\/wp\/v2\/media?parent=15007"}],"wp:term":[{"taxonomy":"product_brand","embeddable":true,"href":"https:\/\/vossgass.no\/en\/wp-json\/wp\/v2\/product_brand?post=15007"},{"taxonomy":"product_cat","embeddable":true,"href":"https:\/\/vossgass.no\/en\/wp-json\/wp\/v2\/product_cat?post=15007"},{"taxonomy":"product_tag","embeddable":true,"href":"https:\/\/vossgass.no\/en\/wp-json\/wp\/v2\/product_tag?post=15007"}],"curies":[{"name":"wp","href":"https:\/\/api.w.org\/{rel}","templated":true}]}}