{"id":15006,"date":"2025-04-15T16:03:05","date_gmt":"2025-04-15T14:03:05","guid":{"rendered":"https:\/\/vossgass.no\/produkt\/brenner-large-gasskomfyr-chef-elegance\/"},"modified":"2025-09-23T11:23:39","modified_gmt":"2025-09-23T09:23:39","slug":"brenner-large-gasskomfyr-chef-elegance","status":"publish","type":"product","link":"https:\/\/vossgass.no\/en\/product\/brenner-large-gasskomfyr-chef-elegance\/","title":{"rendered":"Brenner Large &#8211; Gasskomfyr Chef\/Elegance"},"content":{"rendered":"","protected":false},"excerpt":{"rendered":"<p>Brennerkrone til gassbluss large p\u00e5 Chef gasskomfyrer.<\/p>\n<p>Brenneren passer ogs\u00e5 til Elegance 53 cm og 60 cm gasskomfyrer som ikke har st\u00f8pejernsbrennere fra f\u00f8r.<\/p>","protected":false},"featured_media":16447,"comment_status":"open","ping_status":"closed","template":"","meta":[],"product_brand":[],"product_cat":[260,292],"product_tag":[],"class_list":{"0":"post-15006","1":"product","2":"type-product","3":"status-publish","4":"has-post-thumbnail","6":"product_cat-hytte-camping-fritid","7":"product_cat-kjokken-gass","9":"first","10":"instock","11":"taxable","12":"shipping-taxable","13":"purchasable","14":"product-type-simple"},"_links":{"self":[{"href":"https:\/\/vossgass.no\/en\/wp-json\/wp\/v2\/product\/15006","targetHints":{"allow":["GET"]}}],"collection":[{"href":"https:\/\/vossgass.no\/en\/wp-json\/wp\/v2\/product"}],"about":[{"href":"https:\/\/vossgass.no\/en\/wp-json\/wp\/v2\/types\/product"}],"replies":[{"embeddable":true,"href":"https:\/\/vossgass.no\/en\/wp-json\/wp\/v2\/comments?post=15006"}],"wp:featuredmedia":[{"embeddable":true,"href":"https:\/\/vossgass.no\/en\/wp-json\/wp\/v2\/media\/16447"}],"wp:attachment":[{"href":"https:\/\/vossgass.no\/en\/wp-json\/wp\/v2\/media?parent=15006"}],"wp:term":[{"taxonomy":"product_brand","embeddable":true,"href":"https:\/\/vossgass.no\/en\/wp-json\/wp\/v2\/product_brand?post=15006"},{"taxonomy":"product_cat","embeddable":true,"href":"https:\/\/vossgass.no\/en\/wp-json\/wp\/v2\/product_cat?post=15006"},{"taxonomy":"product_tag","embeddable":true,"href":"https:\/\/vossgass.no\/en\/wp-json\/wp\/v2\/product_tag?post=15006"}],"curies":[{"name":"wp","href":"https:\/\/api.w.org\/{rel}","templated":true}]}}