{"id":14997,"date":"2025-04-15T16:01:18","date_gmt":"2025-04-15T14:01:18","guid":{"rendered":"https:\/\/vossgass.no\/produkt\/flammevakt-tennsikring-gasskjoleskap-ventus-xcd\/"},"modified":"2025-10-17T12:41:13","modified_gmt":"2025-10-17T10:41:13","slug":"flammevakt-tennsikring-gasskjoleskap-ventus-xcd","status":"publish","type":"product","link":"https:\/\/vossgass.no\/en\/product\/flammevakt-tennsikring-gasskjoleskap-ventus-xcd\/","title":{"rendered":"Flammevakt (Tennsikring) gasskj\u00f8leskap Ventus\/XCD"},"content":{"rendered":"","protected":false},"excerpt":{"rendered":"<p>Tennsikring for Ventus gasskj\u00f8leskap. Passer ogs\u00e5 alle XCD-modeller.<\/p>\n<p>Merk! P\u00e5 noen eldre gassskap m\u00e5 kabelsko som sittter p\u00e5 flammeindikator p\u00e5 skapet skiftes for \u00e5 passe til ny sikring.<\/p>\n<p>Merk! Passer ikke Ventus 100 toppkontroll.<\/p>","protected":false},"featured_media":16438,"comment_status":"open","ping_status":"closed","template":"","meta":[],"product_brand":[],"product_cat":[635,318,319],"product_tag":[],"class_list":{"0":"post-14997","1":"product","2":"type-product","3":"status-publish","4":"has-post-thumbnail","6":"product_cat-diverse-gassdeler","7":"product_cat-gass-og-gassutstyr","8":"product_cat-slanger-ror-fittings-gass-gassutstyr","10":"first","11":"instock","12":"taxable","13":"shipping-taxable","14":"purchasable","15":"product-type-simple"},"_links":{"self":[{"href":"https:\/\/vossgass.no\/en\/wp-json\/wp\/v2\/product\/14997","targetHints":{"allow":["GET"]}}],"collection":[{"href":"https:\/\/vossgass.no\/en\/wp-json\/wp\/v2\/product"}],"about":[{"href":"https:\/\/vossgass.no\/en\/wp-json\/wp\/v2\/types\/product"}],"replies":[{"embeddable":true,"href":"https:\/\/vossgass.no\/en\/wp-json\/wp\/v2\/comments?post=14997"}],"wp:featuredmedia":[{"embeddable":true,"href":"https:\/\/vossgass.no\/en\/wp-json\/wp\/v2\/media\/16438"}],"wp:attachment":[{"href":"https:\/\/vossgass.no\/en\/wp-json\/wp\/v2\/media?parent=14997"}],"wp:term":[{"taxonomy":"product_brand","embeddable":true,"href":"https:\/\/vossgass.no\/en\/wp-json\/wp\/v2\/product_brand?post=14997"},{"taxonomy":"product_cat","embeddable":true,"href":"https:\/\/vossgass.no\/en\/wp-json\/wp\/v2\/product_cat?post=14997"},{"taxonomy":"product_tag","embeddable":true,"href":"https:\/\/vossgass.no\/en\/wp-json\/wp\/v2\/product_tag?post=14997"}],"curies":[{"name":"wp","href":"https:\/\/api.w.org\/{rel}","templated":true}]}}