{"id":14994,"date":"2025-04-15T16:00:40","date_gmt":"2025-04-15T14:00:40","guid":{"rendered":"https:\/\/vossgass.no\/produkt\/fuktighetsmaler-smart-burn\/"},"modified":"2025-10-17T12:40:48","modified_gmt":"2025-10-17T10:40:48","slug":"fuktighetsmaler-smart-burn","status":"publish","type":"product","link":"https:\/\/vossgass.no\/en\/product\/fuktighetsmaler-smart-burn\/","title":{"rendered":"Fuktighetsm\u00e5ler, Smart Burn"},"content":{"rendered":"","protected":false},"excerpt":{"rendered":"<p>Digital fuktighetsm\u00e5ler.<br \/>\nFyr med t\u00f8rr ved.<br \/>\nBruk fuktighetsm\u00e5ler f\u00f8r du g\u00e5r til anskaffelse av ved.<br \/>\nSmartBurn<\/p>","protected":false},"featured_media":16435,"comment_status":"open","ping_status":"closed","template":"","meta":[],"product_brand":[],"product_cat":[260,262],"product_tag":[],"class_list":{"0":"post-14994","1":"product","2":"type-product","3":"status-publish","4":"has-post-thumbnail","6":"product_cat-hytte-camping-fritid","7":"product_cat-oppvarming-hytte-camping-fritid-2","9":"first","10":"instock","11":"taxable","12":"shipping-taxable","13":"purchasable","14":"product-type-simple"},"_links":{"self":[{"href":"https:\/\/vossgass.no\/en\/wp-json\/wp\/v2\/product\/14994","targetHints":{"allow":["GET"]}}],"collection":[{"href":"https:\/\/vossgass.no\/en\/wp-json\/wp\/v2\/product"}],"about":[{"href":"https:\/\/vossgass.no\/en\/wp-json\/wp\/v2\/types\/product"}],"replies":[{"embeddable":true,"href":"https:\/\/vossgass.no\/en\/wp-json\/wp\/v2\/comments?post=14994"}],"wp:featuredmedia":[{"embeddable":true,"href":"https:\/\/vossgass.no\/en\/wp-json\/wp\/v2\/media\/16435"}],"wp:attachment":[{"href":"https:\/\/vossgass.no\/en\/wp-json\/wp\/v2\/media?parent=14994"}],"wp:term":[{"taxonomy":"product_brand","embeddable":true,"href":"https:\/\/vossgass.no\/en\/wp-json\/wp\/v2\/product_brand?post=14994"},{"taxonomy":"product_cat","embeddable":true,"href":"https:\/\/vossgass.no\/en\/wp-json\/wp\/v2\/product_cat?post=14994"},{"taxonomy":"product_tag","embeddable":true,"href":"https:\/\/vossgass.no\/en\/wp-json\/wp\/v2\/product_tag?post=14994"}],"curies":[{"name":"wp","href":"https:\/\/api.w.org\/{rel}","templated":true}]}}