{"id":14990,"date":"2025-04-15T15:59:56","date_gmt":"2025-04-15T13:59:56","guid":{"rendered":"https:\/\/vossgass.no\/produkt\/rengjorings-og-karboneringslokk-metal\/"},"modified":"2026-01-31T14:42:25","modified_gmt":"2026-01-31T13:42:25","slug":"rengjorings-og-karboneringslokk-metal","status":"publish","type":"product","link":"https:\/\/vossgass.no\/en\/product\/rengjorings-og-karboneringslokk-metal\/","title":{"rendered":"Rengj\u00f8rings- og Karboneringslokk Metal ball lock"},"content":{"rendered":"","protected":false},"excerpt":{"rendered":"<p>Til karbonering og reng\u00f8r. Passer til b\u00e5de CO2\/\u00d8l Ball Lock Kobling.<\/p>\n<p>Forskruning passer til FermZilla, for karbonering \/aftapning. <\/p>\n<p>Monter l\u00e5get p\u00e5 en sodavandsflaske med reng\u00f8ringsmiddel.<\/p>\n<p>Tvangskarboner \u00f8l p\u00e5 sodavandsflaske.<\/p>\n<p>Udf\u00f8rt i rustfrit st\u00e5l.<\/p>","protected":false},"featured_media":16431,"comment_status":"open","ping_status":"closed","template":"","meta":[],"product_brand":[],"product_cat":[257,91],"product_tag":[],"class_list":{"0":"post-14990","1":"product","2":"type-product","3":"status-publish","4":"has-post-thumbnail","6":"product_cat-gjaering-heimabrygg","7":"product_cat-heimabrygg","9":"first","10":"instock","11":"taxable","12":"shipping-taxable","13":"purchasable","14":"product-type-simple"},"_links":{"self":[{"href":"https:\/\/vossgass.no\/en\/wp-json\/wp\/v2\/product\/14990","targetHints":{"allow":["GET"]}}],"collection":[{"href":"https:\/\/vossgass.no\/en\/wp-json\/wp\/v2\/product"}],"about":[{"href":"https:\/\/vossgass.no\/en\/wp-json\/wp\/v2\/types\/product"}],"replies":[{"embeddable":true,"href":"https:\/\/vossgass.no\/en\/wp-json\/wp\/v2\/comments?post=14990"}],"wp:featuredmedia":[{"embeddable":true,"href":"https:\/\/vossgass.no\/en\/wp-json\/wp\/v2\/media\/16431"}],"wp:attachment":[{"href":"https:\/\/vossgass.no\/en\/wp-json\/wp\/v2\/media?parent=14990"}],"wp:term":[{"taxonomy":"product_brand","embeddable":true,"href":"https:\/\/vossgass.no\/en\/wp-json\/wp\/v2\/product_brand?post=14990"},{"taxonomy":"product_cat","embeddable":true,"href":"https:\/\/vossgass.no\/en\/wp-json\/wp\/v2\/product_cat?post=14990"},{"taxonomy":"product_tag","embeddable":true,"href":"https:\/\/vossgass.no\/en\/wp-json\/wp\/v2\/product_tag?post=14990"}],"curies":[{"name":"wp","href":"https:\/\/api.w.org\/{rel}","templated":true}]}}