{"id":14989,"date":"2025-04-15T15:59:44","date_gmt":"2025-04-15T13:59:44","guid":{"rendered":"https:\/\/vossgass.no\/produkt\/intertap-ball-lock-tud\/"},"modified":"2025-12-18T15:47:55","modified_gmt":"2025-12-18T14:47:55","slug":"intertap-ball-lock-tud","status":"publish","type":"product","link":"https:\/\/vossgass.no\/en\/product\/intertap-ball-lock-tud\/","title":{"rendered":"Intertap &#8211; Ball Lock Tud"},"content":{"rendered":"","protected":false},"excerpt":{"rendered":"<p>Konverter din fad\u00f8lshane til en Ball Lock kobling, s\u00e5 fx en Beergun kan tilkobles uden d\u00f8ren til Kegeratoren skal \u00e5bnes. <\/p>","protected":false},"featured_media":16430,"comment_status":"open","ping_status":"closed","template":"","meta":[],"product_brand":[],"product_cat":[256,91],"product_tag":[],"class_list":{"0":"post-14989","1":"product","2":"type-product","3":"status-publish","4":"has-post-thumbnail","6":"product_cat-bryggeutstyr-heimabrygg","7":"product_cat-heimabrygg","9":"first","10":"instock","11":"taxable","12":"shipping-taxable","13":"purchasable","14":"product-type-simple"},"_links":{"self":[{"href":"https:\/\/vossgass.no\/en\/wp-json\/wp\/v2\/product\/14989","targetHints":{"allow":["GET"]}}],"collection":[{"href":"https:\/\/vossgass.no\/en\/wp-json\/wp\/v2\/product"}],"about":[{"href":"https:\/\/vossgass.no\/en\/wp-json\/wp\/v2\/types\/product"}],"replies":[{"embeddable":true,"href":"https:\/\/vossgass.no\/en\/wp-json\/wp\/v2\/comments?post=14989"}],"wp:featuredmedia":[{"embeddable":true,"href":"https:\/\/vossgass.no\/en\/wp-json\/wp\/v2\/media\/16430"}],"wp:attachment":[{"href":"https:\/\/vossgass.no\/en\/wp-json\/wp\/v2\/media?parent=14989"}],"wp:term":[{"taxonomy":"product_brand","embeddable":true,"href":"https:\/\/vossgass.no\/en\/wp-json\/wp\/v2\/product_brand?post=14989"},{"taxonomy":"product_cat","embeddable":true,"href":"https:\/\/vossgass.no\/en\/wp-json\/wp\/v2\/product_cat?post=14989"},{"taxonomy":"product_tag","embeddable":true,"href":"https:\/\/vossgass.no\/en\/wp-json\/wp\/v2\/product_tag?post=14989"}],"curies":[{"name":"wp","href":"https:\/\/api.w.org\/{rel}","templated":true}]}}