{"id":14986,"date":"2025-04-15T15:59:12","date_gmt":"2025-04-15T13:59:12","guid":{"rendered":"https:\/\/vossgass.no\/produkt\/regulator-co2-m-2-manometer-45-bar-mk4\/"},"modified":"2026-04-10T10:19:06","modified_gmt":"2026-04-10T08:19:06","slug":"regulator-co2-m-2-manometer-45-bar-mk4","status":"publish","type":"product","link":"https:\/\/vossgass.no\/en\/product\/regulator-co2-m-2-manometer-45-bar-mk4\/","title":{"rendered":"Regulator Co2 m\/2 manometer 4,5 bar MK4"},"content":{"rendered":"","protected":false},"excerpt":{"rendered":"<p>Regulator Type 30 til Co2 og blandet gas.<\/p>\n<p>Pr\u00e6cisionsmembranen giver en h\u00f8j flowrate og meget n\u00f8jagtig justering i kPa\/Bar\/PSI.<\/p>\n<p>Gr\u00f8n Sikkerhedsventil 4,5Bar\/ 65PSI.<\/p>","protected":false},"featured_media":16427,"comment_status":"open","ping_status":"closed","template":"","meta":[],"product_brand":[],"product_cat":[257,91],"product_tag":[],"class_list":{"0":"post-14986","1":"product","2":"type-product","3":"status-publish","4":"has-post-thumbnail","6":"product_cat-gjaering-heimabrygg","7":"product_cat-heimabrygg","9":"first","10":"instock","11":"taxable","12":"shipping-taxable","13":"purchasable","14":"product-type-simple"},"_links":{"self":[{"href":"https:\/\/vossgass.no\/en\/wp-json\/wp\/v2\/product\/14986","targetHints":{"allow":["GET"]}}],"collection":[{"href":"https:\/\/vossgass.no\/en\/wp-json\/wp\/v2\/product"}],"about":[{"href":"https:\/\/vossgass.no\/en\/wp-json\/wp\/v2\/types\/product"}],"replies":[{"embeddable":true,"href":"https:\/\/vossgass.no\/en\/wp-json\/wp\/v2\/comments?post=14986"}],"wp:featuredmedia":[{"embeddable":true,"href":"https:\/\/vossgass.no\/en\/wp-json\/wp\/v2\/media\/16427"}],"wp:attachment":[{"href":"https:\/\/vossgass.no\/en\/wp-json\/wp\/v2\/media?parent=14986"}],"wp:term":[{"taxonomy":"product_brand","embeddable":true,"href":"https:\/\/vossgass.no\/en\/wp-json\/wp\/v2\/product_brand?post=14986"},{"taxonomy":"product_cat","embeddable":true,"href":"https:\/\/vossgass.no\/en\/wp-json\/wp\/v2\/product_cat?post=14986"},{"taxonomy":"product_tag","embeddable":true,"href":"https:\/\/vossgass.no\/en\/wp-json\/wp\/v2\/product_tag?post=14986"}],"curies":[{"name":"wp","href":"https:\/\/api.w.org\/{rel}","templated":true}]}}