{"id":14979,"date":"2025-04-15T15:57:53","date_gmt":"2025-04-15T13:57:53","guid":{"rendered":"https:\/\/vossgass.no\/produkt\/pex-veggfeste-clip-15mm-pakke-a-10-stk\/"},"modified":"2025-10-09T14:34:29","modified_gmt":"2025-10-09T12:34:29","slug":"pex-veggfeste-clip-15mm-pakke-a-10-stk","status":"publish","type":"product","link":"https:\/\/vossgass.no\/en\/product\/pex-veggfeste-clip-15mm-pakke-a-10-stk\/","title":{"rendered":"Pex Veggfeste clip 15mm, pakke \u00e0 10 stk"},"content":{"rendered":"","protected":false},"excerpt":{"rendered":"<p>Pexr\u00f8r systemets st\u00f8rste fortrinn er at du kan koble det sammen selv.<br \/>\nR\u00f8rene kuttes enkelt til riktige lengder med en egnet tang og settes sammen uten bruk av verkt\u00f8y (bruk ikke baufil eller annen sag, da skarpe kanter kan skade tettingen i koblingene).<\/p>\n<p>B\u00e5de r\u00f8r og r\u00f8rdeler er konstruert for \u00e5 t\u00e5le trykket i Veravannsystem med god margin! Det store spekteret av r\u00f8rdeler gir et fleksibeltr\u00f8ropplegg hvor det er enkelt \u00e5 komplettere med nye komponenter n\u00e5r du f\u00e5r behov for det.<\/p>","protected":false},"featured_media":16420,"comment_status":"open","ping_status":"closed","template":"","meta":[],"product_brand":[],"product_cat":[260,498],"product_tag":[],"class_list":{"0":"post-14979","1":"product","2":"type-product","3":"status-publish","4":"has-post-thumbnail","6":"product_cat-hytte-camping-fritid","7":"product_cat-toalett-vann-avlop","9":"first","10":"instock","11":"taxable","12":"shipping-taxable","13":"purchasable","14":"product-type-simple"},"_links":{"self":[{"href":"https:\/\/vossgass.no\/en\/wp-json\/wp\/v2\/product\/14979","targetHints":{"allow":["GET"]}}],"collection":[{"href":"https:\/\/vossgass.no\/en\/wp-json\/wp\/v2\/product"}],"about":[{"href":"https:\/\/vossgass.no\/en\/wp-json\/wp\/v2\/types\/product"}],"replies":[{"embeddable":true,"href":"https:\/\/vossgass.no\/en\/wp-json\/wp\/v2\/comments?post=14979"}],"wp:featuredmedia":[{"embeddable":true,"href":"https:\/\/vossgass.no\/en\/wp-json\/wp\/v2\/media\/16420"}],"wp:attachment":[{"href":"https:\/\/vossgass.no\/en\/wp-json\/wp\/v2\/media?parent=14979"}],"wp:term":[{"taxonomy":"product_brand","embeddable":true,"href":"https:\/\/vossgass.no\/en\/wp-json\/wp\/v2\/product_brand?post=14979"},{"taxonomy":"product_cat","embeddable":true,"href":"https:\/\/vossgass.no\/en\/wp-json\/wp\/v2\/product_cat?post=14979"},{"taxonomy":"product_tag","embeddable":true,"href":"https:\/\/vossgass.no\/en\/wp-json\/wp\/v2\/product_tag?post=14979"}],"curies":[{"name":"wp","href":"https:\/\/api.w.org\/{rel}","templated":true}]}}