{"id":14946,"date":"2025-04-15T15:53:02","date_gmt":"2025-04-15T13:53:02","guid":{"rendered":"https:\/\/vossgass.no\/produkt\/fermzilla-60l-all-rounder\/"},"modified":"2026-03-26T13:03:51","modified_gmt":"2026-03-26T12:03:51","slug":"fermzilla-60l-all-rounder","status":"publish","type":"product","link":"https:\/\/vossgass.no\/en\/product\/fermzilla-60l-all-rounder\/","title":{"rendered":"FermZilla 60L All Rounder"},"content":{"rendered":"","protected":false},"excerpt":{"rendered":"<p>FermZilla All Rounder, 60 liter.<\/p>\n<p>Inkl.: G\u00e6rtank i klar PET-plast, rustfrit st\u00e5l stel, l\u00e5g m\/r\u00f8d sikkerhedsventil og g\u00e6rr\u00f8r. T\u00e5ler tryk op til 2,4 bar\/35psi.<\/p>\n<p>M\u00e5 ikke uds\u00e6ttes for v\u00e6sketemperaturer over 55\u00b0C eller rumtemperaturer over 35\u00b0C<\/p>","protected":false},"featured_media":16387,"comment_status":"open","ping_status":"closed","template":"","meta":[],"product_brand":[],"product_cat":[256,91],"product_tag":[],"class_list":{"0":"post-14946","1":"product","2":"type-product","3":"status-publish","4":"has-post-thumbnail","6":"product_cat-bryggeutstyr-heimabrygg","7":"product_cat-heimabrygg","9":"first","10":"instock","11":"taxable","12":"shipping-taxable","13":"purchasable","14":"product-type-simple"},"_links":{"self":[{"href":"https:\/\/vossgass.no\/en\/wp-json\/wp\/v2\/product\/14946","targetHints":{"allow":["GET"]}}],"collection":[{"href":"https:\/\/vossgass.no\/en\/wp-json\/wp\/v2\/product"}],"about":[{"href":"https:\/\/vossgass.no\/en\/wp-json\/wp\/v2\/types\/product"}],"replies":[{"embeddable":true,"href":"https:\/\/vossgass.no\/en\/wp-json\/wp\/v2\/comments?post=14946"}],"wp:featuredmedia":[{"embeddable":true,"href":"https:\/\/vossgass.no\/en\/wp-json\/wp\/v2\/media\/16387"}],"wp:attachment":[{"href":"https:\/\/vossgass.no\/en\/wp-json\/wp\/v2\/media?parent=14946"}],"wp:term":[{"taxonomy":"product_brand","embeddable":true,"href":"https:\/\/vossgass.no\/en\/wp-json\/wp\/v2\/product_brand?post=14946"},{"taxonomy":"product_cat","embeddable":true,"href":"https:\/\/vossgass.no\/en\/wp-json\/wp\/v2\/product_cat?post=14946"},{"taxonomy":"product_tag","embeddable":true,"href":"https:\/\/vossgass.no\/en\/wp-json\/wp\/v2\/product_tag?post=14946"}],"curies":[{"name":"wp","href":"https:\/\/api.w.org\/{rel}","templated":true}]}}