{"id":14945,"date":"2025-04-15T15:52:56","date_gmt":"2025-04-15T13:52:56","guid":{"rendered":"https:\/\/vossgass.no\/produkt\/duotight-inline-regulator-8-mm\/"},"modified":"2026-04-23T15:37:50","modified_gmt":"2026-04-23T13:37:50","slug":"duotight-inline-regulator-8-mm","status":"publish","type":"product","link":"https:\/\/vossgass.no\/en\/product\/duotight-inline-regulator-8-mm\/","title":{"rendered":"Duotight Inline Regulator 8 mm"},"content":{"rendered":"","protected":false},"excerpt":{"rendered":"<p>Denne smarte inline-regulatoren er perfekt for \u00e5 nedjustere trykk dersom du har flere fat med forskjellige \u00f8lstiler. Sett trykket fra CO2 regulatoren litt h\u00f8yere enn det du har behov for, splitt CO2 linjen med manifold eller DuoTight t-stykker og juster deretter ned til hvert enkelt fat som skal ha lavere serveringstrykk.<\/p>\n<p>Inline-regulatoren kommer med 8mm DuoTight hurtigkoblinger, og kan benyttes til CO2, luft, nitrogen, luft og vann.<br \/>\nManometeret som f\u00f8lger med viser 0-60 psi (0-4 bar). Man kan bytte ut manometeret med andre m\u00e5leniv\u00e5er om \u00f8nskelig<\/p>\n<p>Justerbar inline trykkventil som g\u00e5r fra 0-4 Bar.  (0-60PSI)<\/p>\n<p>For \u00e5 kunne bruke denne b\u00f8r man montere denne sammen med en Ball lock, Hurtigkobling til 3\/8&#8243; PET slange, 3\/8&#8243; PET Slange, Hurtigkobling 3\/8&#8243; x 5\/16&#8243; og 5\/16&#8243; PET slange<\/p>\n<p>Sv\u00e6rt lett \u00e5 justere presist.<\/p>\n<p>Kan brukes til trykkluft, co2, vann osv.<br \/>\n(Inn\/utganger passer til til 5\/16&#8243; PET slange.)<\/p>","protected":false},"featured_media":16386,"comment_status":"open","ping_status":"closed","template":"","meta":[],"product_brand":[],"product_cat":[257,91],"product_tag":[],"class_list":{"0":"post-14945","1":"product","2":"type-product","3":"status-publish","4":"has-post-thumbnail","6":"product_cat-gjaering-heimabrygg","7":"product_cat-heimabrygg","9":"first","10":"instock","11":"taxable","12":"shipping-taxable","13":"purchasable","14":"product-type-simple"},"_links":{"self":[{"href":"https:\/\/vossgass.no\/en\/wp-json\/wp\/v2\/product\/14945","targetHints":{"allow":["GET"]}}],"collection":[{"href":"https:\/\/vossgass.no\/en\/wp-json\/wp\/v2\/product"}],"about":[{"href":"https:\/\/vossgass.no\/en\/wp-json\/wp\/v2\/types\/product"}],"replies":[{"embeddable":true,"href":"https:\/\/vossgass.no\/en\/wp-json\/wp\/v2\/comments?post=14945"}],"wp:featuredmedia":[{"embeddable":true,"href":"https:\/\/vossgass.no\/en\/wp-json\/wp\/v2\/media\/16386"}],"wp:attachment":[{"href":"https:\/\/vossgass.no\/en\/wp-json\/wp\/v2\/media?parent=14945"}],"wp:term":[{"taxonomy":"product_brand","embeddable":true,"href":"https:\/\/vossgass.no\/en\/wp-json\/wp\/v2\/product_brand?post=14945"},{"taxonomy":"product_cat","embeddable":true,"href":"https:\/\/vossgass.no\/en\/wp-json\/wp\/v2\/product_cat?post=14945"},{"taxonomy":"product_tag","embeddable":true,"href":"https:\/\/vossgass.no\/en\/wp-json\/wp\/v2\/product_tag?post=14945"}],"curies":[{"name":"wp","href":"https:\/\/api.w.org\/{rel}","templated":true}]}}